{"id":7425,"date":"2024-06-08T16:30:53","date_gmt":"2024-06-08T16:30:53","guid":{"rendered":"https:\/\/wp.rollomax.at\/?post_type=product&#038;p=7425"},"modified":"2024-06-19T19:01:27","modified_gmt":"2024-06-19T19:01:27","slug":"tueren","status":"publish","type":"product","link":"https:\/\/rollomax.at\/de\/product\/tueren","title":{"rendered":"T\u00fcren"},"content":{"rendered":"<p>Deine Haust\u00fcre ist der Eingang und gleichzeitig der erste Eindruck von deinem Zuhause. Sie begr\u00fc\u00dft dich, wenn du nach Hause kommst und sagt \u201eBis bald\u201c, wenn du deine eigenen vier W\u00e4nde verl\u00e4sst. Egal, ob dir eine sch\u00f6ne Optik, Funktionalit\u00e4t, Sicherheit oder Pflegeleichtigkeit wichtig ist.<\/p>","protected":false},"excerpt":{"rendered":"<h2><strong>Haust\u00fcren und Eingangst\u00fcren aus \u00d6sterreich zum Top-Preis<\/strong><\/h2>","protected":false},"featured_media":11507,"template":"","meta":[],"product_cat":[183],"product_tag":[210],"class_list":{"0":"post-7425","1":"product","2":"type-product","3":"status-publish","4":"has-post-thumbnail","6":"product_cat-rund-ums-haus","7":"product_tag-tueren","9":"first","10":"instock","11":"shipping-taxable","12":"purchasable","13":"product-type-simple"},"_links":{"self":[{"href":"https:\/\/rollomax.at\/de\/wp-json\/wp\/v2\/product\/7425","targetHints":{"allow":["GET"]}}],"collection":[{"href":"https:\/\/rollomax.at\/de\/wp-json\/wp\/v2\/product"}],"about":[{"href":"https:\/\/rollomax.at\/de\/wp-json\/wp\/v2\/types\/product"}],"version-history":[{"count":1,"href":"https:\/\/rollomax.at\/de\/wp-json\/wp\/v2\/product\/7425\/revisions"}],"predecessor-version":[{"id":11508,"href":"https:\/\/rollomax.at\/de\/wp-json\/wp\/v2\/product\/7425\/revisions\/11508"}],"wp:featuredmedia":[{"embeddable":true,"href":"https:\/\/rollomax.at\/de\/wp-json\/wp\/v2\/media\/11507"}],"wp:attachment":[{"href":"https:\/\/rollomax.at\/de\/wp-json\/wp\/v2\/media?parent=7425"}],"wp:term":[{"taxonomy":"product_cat","embeddable":true,"href":"https:\/\/rollomax.at\/de\/wp-json\/wp\/v2\/product_cat?post=7425"},{"taxonomy":"product_tag","embeddable":true,"href":"https:\/\/rollomax.at\/de\/wp-json\/wp\/v2\/product_tag?post=7425"}],"curies":[{"name":"wp","href":"https:\/\/api.w.org\/{rel}","templated":true}]}}