{"id":5533,"date":"2024-04-09T05:16:29","date_gmt":"2024-04-09T05:16:29","guid":{"rendered":"https:\/\/wp.rollomax.at\/?post_type=product&#038;p=5533"},"modified":"2024-06-16T20:29:58","modified_gmt":"2024-06-16T20:29:58","slug":"glasdach","status":"publish","type":"product","link":"https:\/\/rollomax.at\/de\/product\/glasdach","title":{"rendered":"Glasdach"},"content":{"rendered":"<div id=\"column-wrap-id-1551359248973\" class=\"sppb-col-md-6\">\n<div id=\"column-id-1551359248973\" class=\"sppb-column\">\n<div class=\"sppb-column-addons\">\n<div id=\"sppb-addon-wrapper-1669462223604\" class=\"sppb-addon-wrapper\">\n<div id=\"sppb-addon-1669462223604\" class=\"clearfix\">\n<div class=\"sppb-addon sppb-addon-text-block sppb-text-left\">\n<div class=\"sppb-addon-content\">\n<h3><strong>Sonnenschutz Made in Germany f\u00fcr Terrasse und Balkon<\/strong><\/h3>\n<p>Durch Flexibilit\u00e4t und Vielfalt in Planung und Gestaltung l\u00e4sst sich ein Terrassendach von ERHARDT an alle Arten von Architektur und die unterschiedlichsten Gegebenheiten anpassen. Egal ob f\u00fcr eine Terrasse, den Garten, einen Balkon oder als Sonderl\u00f6sung, Sie selbst k\u00f6nnen entscheiden, welche Funktionen und Schutz Sie ben\u00f6tigen.<\/p>\n<\/div>\n<\/div>\n<\/div>\n<\/div>\n<\/div>\n<\/div>\n<\/div>","protected":false},"excerpt":{"rendered":"<p>ERHARDT Terrassend\u00e4cher<\/p>","protected":false},"featured_media":5534,"template":"","meta":[],"product_cat":[63],"product_tag":[205],"class_list":{"0":"post-5533","1":"product","2":"type-product","3":"status-publish","4":"has-post-thumbnail","6":"product_cat-ueberdachungen","7":"product_tag-glasdach","9":"first","10":"instock","11":"shipping-taxable","12":"purchasable","13":"product-type-simple"},"_links":{"self":[{"href":"https:\/\/rollomax.at\/de\/wp-json\/wp\/v2\/product\/5533","targetHints":{"allow":["GET"]}}],"collection":[{"href":"https:\/\/rollomax.at\/de\/wp-json\/wp\/v2\/product"}],"about":[{"href":"https:\/\/rollomax.at\/de\/wp-json\/wp\/v2\/types\/product"}],"version-history":[{"count":2,"href":"https:\/\/rollomax.at\/de\/wp-json\/wp\/v2\/product\/5533\/revisions"}],"predecessor-version":[{"id":10359,"href":"https:\/\/rollomax.at\/de\/wp-json\/wp\/v2\/product\/5533\/revisions\/10359"}],"wp:featuredmedia":[{"embeddable":true,"href":"https:\/\/rollomax.at\/de\/wp-json\/wp\/v2\/media\/5534"}],"wp:attachment":[{"href":"https:\/\/rollomax.at\/de\/wp-json\/wp\/v2\/media?parent=5533"}],"wp:term":[{"taxonomy":"product_cat","embeddable":true,"href":"https:\/\/rollomax.at\/de\/wp-json\/wp\/v2\/product_cat?post=5533"},{"taxonomy":"product_tag","embeddable":true,"href":"https:\/\/rollomax.at\/de\/wp-json\/wp\/v2\/product_tag?post=5533"}],"curies":[{"name":"wp","href":"https:\/\/api.w.org\/{rel}","templated":true}]}}