{"id":5060,"date":"2024-04-08T04:08:17","date_gmt":"2024-04-08T04:08:17","guid":{"rendered":"https:\/\/wp.rollomax.at\/?post_type=product&#038;p=5060"},"modified":"2024-06-19T17:18:48","modified_gmt":"2024-06-19T17:18:48","slug":"insektenschutz-rollo","status":"publish","type":"product","link":"https:\/\/rollomax.at\/de\/product\/insektenschutz-rollo","title":{"rendered":"Rollo"},"content":{"rendered":"<p>Insektenschutz f\u00fcr Fenster und T\u00fcren genau dann, wenn man ihn braucht.Der ged\u00e4mpfte Aufrollmechanismus erm\u00f6glicht eine individuelle Nutzung des Insektenschutzrollos. Das Rollo wird von Hand von oben nach unten gezogen und kann in jeder Position fixiert werden. Auf Wunsch auch als elektrisches Rollo erh\u00e4ltlich.<\/p>","protected":false},"excerpt":{"rendered":"<ul class=\"tal\">\n<li>elegante Optik durch silbergrau eloxierte Aluminiumprofile<\/li>\n<li>Wirksamer Schutz vor Schmutz und Kleintieren<\/li>\n<li>Ma\u00dfanfertigung<\/li>\n<li>hochlegierte, trittsichere Edelstahlgewebe<\/li>\n<li>umlaufende B\u00fcrste<\/li>\n<li>keine Stolperkanten durch flache ALU-Profile mit abgeschr\u00e4gten Kanten<\/li>\n<li>extrem langlebige Funktion &#8211; ohne Korrosion<\/li>\n<\/ul>","protected":false},"featured_media":11440,"template":"","meta":[],"product_cat":[64],"product_tag":[73],"class_list":{"0":"post-5060","1":"product","2":"type-product","3":"status-publish","4":"has-post-thumbnail","6":"product_cat-insektenschutz","7":"product_tag-insektenschutz","9":"first","10":"instock","11":"shipping-taxable","12":"purchasable","13":"product-type-simple"},"_links":{"self":[{"href":"https:\/\/rollomax.at\/de\/wp-json\/wp\/v2\/product\/5060","targetHints":{"allow":["GET"]}}],"collection":[{"href":"https:\/\/rollomax.at\/de\/wp-json\/wp\/v2\/product"}],"about":[{"href":"https:\/\/rollomax.at\/de\/wp-json\/wp\/v2\/types\/product"}],"version-history":[{"count":2,"href":"https:\/\/rollomax.at\/de\/wp-json\/wp\/v2\/product\/5060\/revisions"}],"predecessor-version":[{"id":11463,"href":"https:\/\/rollomax.at\/de\/wp-json\/wp\/v2\/product\/5060\/revisions\/11463"}],"wp:featuredmedia":[{"embeddable":true,"href":"https:\/\/rollomax.at\/de\/wp-json\/wp\/v2\/media\/11440"}],"wp:attachment":[{"href":"https:\/\/rollomax.at\/de\/wp-json\/wp\/v2\/media?parent=5060"}],"wp:term":[{"taxonomy":"product_cat","embeddable":true,"href":"https:\/\/rollomax.at\/de\/wp-json\/wp\/v2\/product_cat?post=5060"},{"taxonomy":"product_tag","embeddable":true,"href":"https:\/\/rollomax.at\/de\/wp-json\/wp\/v2\/product_tag?post=5060"}],"curies":[{"name":"wp","href":"https:\/\/api.w.org\/{rel}","templated":true}]}}