{"id":5054,"date":"2024-04-08T04:02:59","date_gmt":"2024-04-08T04:02:59","guid":{"rendered":"https:\/\/wp.rollomax.at\/?post_type=product&#038;p=5054"},"modified":"2024-06-19T18:33:55","modified_gmt":"2024-06-19T18:33:55","slug":"insektenschutz-lichtschachtabdeckung","status":"publish","type":"product","link":"https:\/\/rollomax.at\/de\/product\/insektenschutz-lichtschachtabdeckung","title":{"rendered":"Lichtschacht"},"content":{"rendered":"<p>Lassen Sie nur Licht und frische Luft in Haus und Keller. Machen Sie Ihren Keller zu hellen, freundlichen Nutz- und Hobbyr\u00e4umen. Das ma\u00dfgeschneiderte, feinmaschige Edelstahlgitter mit einer perfekten Rundum-Abdichtung h\u00e4lt Ihren Lichtschacht sauber. Es bietet wirksamsten Schutz gegen Schmutz wie Laub sowie Insekten und Kleintieren..<\/p>","protected":false},"excerpt":{"rendered":"<ul class=\"tal\">\n<li>ged\u00e4mpfter Aufrollmechanismus<\/li>\n<li>einstellbare Federkraft<\/li>\n<li>Gewebestraffung durch Abrollkante<\/li>\n<li>seitliche B\u00fcrstenf\u00fchrung<\/li>\n<li>einfachste Montage<\/li>\n<li>elektrische Bedienung optional<\/li>\n<\/ul>","protected":false},"featured_media":11437,"template":"","meta":[],"product_cat":[64],"product_tag":[73],"class_list":{"0":"post-5054","1":"product","2":"type-product","3":"status-publish","4":"has-post-thumbnail","6":"product_cat-insektenschutz","7":"product_tag-insektenschutz","9":"first","10":"instock","11":"shipping-taxable","12":"purchasable","13":"product-type-simple"},"_links":{"self":[{"href":"https:\/\/rollomax.at\/de\/wp-json\/wp\/v2\/product\/5054","targetHints":{"allow":["GET"]}}],"collection":[{"href":"https:\/\/rollomax.at\/de\/wp-json\/wp\/v2\/product"}],"about":[{"href":"https:\/\/rollomax.at\/de\/wp-json\/wp\/v2\/types\/product"}],"version-history":[{"count":2,"href":"https:\/\/rollomax.at\/de\/wp-json\/wp\/v2\/product\/5054\/revisions"}],"predecessor-version":[{"id":11490,"href":"https:\/\/rollomax.at\/de\/wp-json\/wp\/v2\/product\/5054\/revisions\/11490"}],"wp:featuredmedia":[{"embeddable":true,"href":"https:\/\/rollomax.at\/de\/wp-json\/wp\/v2\/media\/11437"}],"wp:attachment":[{"href":"https:\/\/rollomax.at\/de\/wp-json\/wp\/v2\/media?parent=5054"}],"wp:term":[{"taxonomy":"product_cat","embeddable":true,"href":"https:\/\/rollomax.at\/de\/wp-json\/wp\/v2\/product_cat?post=5054"},{"taxonomy":"product_tag","embeddable":true,"href":"https:\/\/rollomax.at\/de\/wp-json\/wp\/v2\/product_tag?post=5054"}],"curies":[{"name":"wp","href":"https:\/\/api.w.org\/{rel}","templated":true}]}}