{"id":5051,"date":"2024-04-08T03:58:31","date_gmt":"2024-04-08T03:58:31","guid":{"rendered":"https:\/\/wp.rollomax.at\/?post_type=product&#038;p=5051"},"modified":"2024-06-19T17:07:46","modified_gmt":"2024-06-19T17:07:46","slug":"insektenschutz-schiebeelemente","status":"publish","type":"product","link":"https:\/\/rollomax.at\/de\/product\/insektenschutz-schiebeelemente","title":{"rendered":"Schiebeelemente"},"content":{"rendered":"<p>Eine clevere Kombination von Komfort und Design. Die Schiebeanlagen von KOSMOS als Insektenschutz werden vorrangig bei gro\u00dfen \u00d6ffnungen verwendet, z.B. bei Hebeschiebet\u00fcren, Stulp\u00f6ffnungen, Winterg\u00e4rten, Balkon- und Terrassent\u00fcren, sowohl als einfl\u00fcgelige aber auch mehrfl\u00fcgelige Anlagen.<\/p>","protected":false},"excerpt":{"rendered":"<ul>\n<li>ergonomische Muschelgriffe<\/li>\n<li>Aush\u00e4ngesicherung<\/li>\n<li>durchgehende Griffleiste<\/li>\n<li>gro\u00dfe zusammenh\u00e4ngende Gewebefl\u00e4chen m\u00f6glich<\/li>\n<li>optionale Griffleisten<\/li>\n<li>geringer Einbautiefe<\/li>\n<li>optionale Fu\u00dfbedienung<\/li>\n<\/ul>","protected":false},"featured_media":11438,"template":"","meta":[],"product_cat":[64],"product_tag":[73],"class_list":{"0":"post-5051","1":"product","2":"type-product","3":"status-publish","4":"has-post-thumbnail","6":"product_cat-insektenschutz","7":"product_tag-insektenschutz","9":"first","10":"instock","11":"shipping-taxable","12":"purchasable","13":"product-type-simple"},"_links":{"self":[{"href":"https:\/\/rollomax.at\/de\/wp-json\/wp\/v2\/product\/5051","targetHints":{"allow":["GET"]}}],"collection":[{"href":"https:\/\/rollomax.at\/de\/wp-json\/wp\/v2\/product"}],"about":[{"href":"https:\/\/rollomax.at\/de\/wp-json\/wp\/v2\/types\/product"}],"version-history":[{"count":2,"href":"https:\/\/rollomax.at\/de\/wp-json\/wp\/v2\/product\/5051\/revisions"}],"predecessor-version":[{"id":11457,"href":"https:\/\/rollomax.at\/de\/wp-json\/wp\/v2\/product\/5051\/revisions\/11457"}],"wp:featuredmedia":[{"embeddable":true,"href":"https:\/\/rollomax.at\/de\/wp-json\/wp\/v2\/media\/11438"}],"wp:attachment":[{"href":"https:\/\/rollomax.at\/de\/wp-json\/wp\/v2\/media?parent=5051"}],"wp:term":[{"taxonomy":"product_cat","embeddable":true,"href":"https:\/\/rollomax.at\/de\/wp-json\/wp\/v2\/product_cat?post=5051"},{"taxonomy":"product_tag","embeddable":true,"href":"https:\/\/rollomax.at\/de\/wp-json\/wp\/v2\/product_tag?post=5051"}],"curies":[{"name":"wp","href":"https:\/\/api.w.org\/{rel}","templated":true}]}}