{"id":5046,"date":"2024-04-08T03:52:38","date_gmt":"2024-04-08T03:52:38","guid":{"rendered":"https:\/\/wp.rollomax.at\/?post_type=product&#038;p=5046"},"modified":"2024-06-19T17:06:11","modified_gmt":"2024-06-19T17:06:11","slug":"insektenschutz-drehtuere","status":"publish","type":"product","link":"https:\/\/rollomax.at\/de\/product\/insektenschutz-drehtuere","title":{"rendered":"Dreht\u00fcre"},"content":{"rendered":"<p>Beim Drehrahmen wurde gro\u00dfer Wert auf ergonomische Designgriffe sowie formsch\u00f6ne und platzsparende Profile gelegt. Durch die gewebestraffende Sprosse in Verbindung mit dem Mehrfachrippkanal wird auch hier eine sichere und dauerhafte Spannung des Gewebes erreicht. Die Magnetbandverschlussleiste ist verdeckt angebracht.<\/p>","protected":false},"excerpt":{"rendered":"<ul>\n<li>justierbare 2-Punkte Scharniere<\/li>\n<li>optionale Selbstschlie\u00dfung<\/li>\n<li>schallged\u00e4mmtes Trittschutz-Paneel<\/li>\n<li>optional mit T\u00fcrschlie\u00dfer oder Verriegelung<\/li>\n<li>einfaches, bequemes und schnelles nach innen oder nach au\u00dfen \u00f6ffnen<\/li>\n<li>stabiler Mehrkammer-Eckwinkel<\/li>\n<li>Abdichtung gegen Krabbeltiere auch bei unebenem Boden<\/li>\n<\/ul>","protected":false},"featured_media":11426,"template":"","meta":[],"product_cat":[64],"product_tag":[73],"class_list":{"0":"post-5046","1":"product","2":"type-product","3":"status-publish","4":"has-post-thumbnail","6":"product_cat-insektenschutz","7":"product_tag-insektenschutz","9":"first","10":"instock","11":"shipping-taxable","12":"purchasable","13":"product-type-simple"},"_links":{"self":[{"href":"https:\/\/rollomax.at\/de\/wp-json\/wp\/v2\/product\/5046","targetHints":{"allow":["GET"]}}],"collection":[{"href":"https:\/\/rollomax.at\/de\/wp-json\/wp\/v2\/product"}],"about":[{"href":"https:\/\/rollomax.at\/de\/wp-json\/wp\/v2\/types\/product"}],"version-history":[{"count":2,"href":"https:\/\/rollomax.at\/de\/wp-json\/wp\/v2\/product\/5046\/revisions"}],"predecessor-version":[{"id":11455,"href":"https:\/\/rollomax.at\/de\/wp-json\/wp\/v2\/product\/5046\/revisions\/11455"}],"wp:featuredmedia":[{"embeddable":true,"href":"https:\/\/rollomax.at\/de\/wp-json\/wp\/v2\/media\/11426"}],"wp:attachment":[{"href":"https:\/\/rollomax.at\/de\/wp-json\/wp\/v2\/media?parent=5046"}],"wp:term":[{"taxonomy":"product_cat","embeddable":true,"href":"https:\/\/rollomax.at\/de\/wp-json\/wp\/v2\/product_cat?post=5046"},{"taxonomy":"product_tag","embeddable":true,"href":"https:\/\/rollomax.at\/de\/wp-json\/wp\/v2\/product_tag?post=5046"}],"curies":[{"name":"wp","href":"https:\/\/api.w.org\/{rel}","templated":true}]}}