{"id":10729,"date":"2024-06-17T10:37:29","date_gmt":"2024-06-17T10:37:29","guid":{"rendered":"https:\/\/rollomax.at\/?post_type=product&#038;p=10729"},"modified":"2024-06-17T11:37:13","modified_gmt":"2024-06-17T11:37:13","slug":"wintergartenmarkisen","status":"publish","type":"product","link":"https:\/\/rollomax.at\/de\/product\/wintergartenmarkisen","title":{"rendered":"Wintergartenmarkisen"},"content":{"rendered":"<div data-elementor-type=\"product-post\" data-elementor-id=\"10729\" class=\"elementor elementor-10729\" data-elementor-post-type=\"product\">\n\t\t\t\t<div class=\"elementor-element elementor-element-05fa1a4 e-flex e-con-boxed e-con e-parent\" data-id=\"05fa1a4\" data-element_type=\"container\">\n\t\t\t\t\t<div class=\"e-con-inner\">\n\t\t<div class=\"elementor-element elementor-element-8ee1e0b e-con-full e-flex e-con e-child\" data-id=\"8ee1e0b\" data-element_type=\"container\">\n\t\t\t\t<div class=\"elementor-element elementor-element-18c6b12 elementor-widget elementor-widget-heading\" data-id=\"18c6b12\" data-element_type=\"widget\" data-widget_type=\"heading.default\">\n\t\t\t\t<div class=\"elementor-widget-container\">\n\t\t\t<style>\/*! elementor - v3.22.0 - 26-06-2024 *\/\n.elementor-heading-title{padding:0;margin:0;line-height:1}.elementor-widget-heading .elementor-heading-title[class*=elementor-size-]>a{color:inherit;font-size:inherit;line-height:inherit}.elementor-widget-heading .elementor-heading-title.elementor-size-small{font-size:15px}.elementor-widget-heading .elementor-heading-title.elementor-size-medium{font-size:19px}.elementor-widget-heading .elementor-heading-title.elementor-size-large{font-size:29px}.elementor-widget-heading .elementor-heading-title.elementor-size-xl{font-size:39px}.elementor-widget-heading .elementor-heading-title.elementor-size-xxl{font-size:59px}<\/style><h2 class=\"elementor-heading-title elementor-size-default\">Flexibel, planbare Markisen auch\nbei gr\u00f6\u00dferen Terrassend\u00e4cher und Winterg\u00e4rten<\/h2>\t\t<\/div>\n\t\t\t\t<\/div>\n\t\t\t\t<\/div>\n\t\t<div class=\"elementor-element elementor-element-35cd434 e-con-full e-flex e-con e-child\" data-id=\"35cd434\" data-element_type=\"container\">\n\t\t\t\t<div class=\"elementor-element elementor-element-a8cbe10 elementor-widget elementor-widget-text-editor\" data-id=\"a8cbe10\" data-element_type=\"widget\" data-widget_type=\"text-editor.default\">\n\t\t\t\t<div class=\"elementor-widget-container\">\n\t\t\t<style>\/*! elementor - v3.22.0 - 26-06-2024 *\/\n.elementor-widget-text-editor.elementor-drop-cap-view-stacked .elementor-drop-cap{background-color:#69727d;color:#fff}.elementor-widget-text-editor.elementor-drop-cap-view-framed .elementor-drop-cap{color:#69727d;border:3px solid;background-color:transparent}.elementor-widget-text-editor:not(.elementor-drop-cap-view-default) .elementor-drop-cap{margin-top:8px}.elementor-widget-text-editor:not(.elementor-drop-cap-view-default) .elementor-drop-cap-letter{width:1em;height:1em}.elementor-widget-text-editor .elementor-drop-cap{float:left;text-align:center;line-height:1;font-size:50px}.elementor-widget-text-editor .elementor-drop-cap-letter{display:inline-block}<\/style>\t\t\t\tWintergartenmarkisen von ERHARDT Markisen werden auf bzw. unter einem Wintergarten, Terrassendach und gr\u00f6\u00dferen Dachfl\u00e4chenfenstern mit Schienen montiert. Mit entsprechendem Zubeh\u00f6r (Funkmotor und Sonnensensor) fahren Wintergartenmarkisen automatisch aus, wenn die Sonne scheint. Damit ist eine \u00dcberhitzung des Innenraums von vornherein ausgeschlossen.\u00a0 NDurch die flexiblen Montagem\u00f6glichkeiten wie die Auf- und Unterdachmontage lassen sich auch Sonderfl\u00e4chen und eigene Konstruktionen bequem beschatten. Somit passt sich der Sonnenschutz perfekt an die baulichen Voraussetzungen an.\t\t\t\t\t\t<\/div>\n\t\t\t\t<\/div>\n\t\t\t\t<\/div>\n\t\t\t\t\t<\/div>\n\t\t\t\t<\/div>\n\t\t<div class=\"elementor-element elementor-element-382fa85 e-flex e-con-boxed e-con e-parent\" data-id=\"382fa85\" data-element_type=\"container\" data-settings=\"{&quot;background_background&quot;:&quot;classic&quot;}\">\n\t\t\t\t\t<div class=\"e-con-inner\">\n\t\t<div class=\"elementor-element elementor-element-4da5a53 e-con-full e-flex e-con e-child\" data-id=\"4da5a53\" data-element_type=\"container\">\n\t\t\t\t<div class=\"elementor-element elementor-element-7120c40 elementor-widget elementor-widget-image\" data-id=\"7120c40\" data-element_type=\"widget\" data-widget_type=\"image.default\">\n\t\t\t\t<div class=\"elementor-widget-container\">\n\t\t\t<style>\/*! elementor - v3.22.0 - 26-06-2024 *\/\n.elementor-widget-image{text-align:center}.elementor-widget-image a{display:inline-block}.elementor-widget-image a img[src$=\".svg\"]{width:48px}.elementor-widget-image img{vertical-align:middle;display:inline-block}<\/style>\t\t\t\t\t\t\t\t\t\t\t<a href=\"https:\/\/rollomax.at\/wp-content\/uploads\/2024\/06\/1_2_2_1_erhardt_hs21_08-2023.jpg\" data-elementor-open-lightbox=\"yes\" data-elementor-lightbox-title=\"1_2_2_1_erhardt_hs21_08-2023\" data-e-action-hash=\"#elementor-action%3Aaction%3Dlightbox%26settings%3DeyJpZCI6MTA3MzcsInVybCI6Imh0dHBzOlwvXC9yb2xsb21heC5hdFwvd3AtY29udGVudFwvdXBsb2Fkc1wvMjAyNFwvMDZcLzFfMl8yXzFfZXJoYXJkdF9oczIxXzA4LTIwMjMuanBnIn0%3D\">\n\t\t\t\t\t\t\t<img fetchpriority=\"high\" decoding=\"async\" width=\"434\" height=\"216\" src=\"https:\/\/rollomax.at\/wp-content\/uploads\/2024\/06\/1_2_2_1_erhardt_hs21_08-2023.jpg\" class=\"attachment-large size-large wp-image-10737\" alt=\"\" srcset=\"https:\/\/rollomax.at\/wp-content\/uploads\/2024\/06\/1_2_2_1_erhardt_hs21_08-2023.jpg 434w, https:\/\/rollomax.at\/wp-content\/uploads\/2024\/06\/1_2_2_1_erhardt_hs21_08-2023-300x149.jpg 300w, https:\/\/rollomax.at\/wp-content\/uploads\/2024\/06\/1_2_2_1_erhardt_hs21_08-2023-18x9.jpg 18w\" sizes=\"(max-width: 434px) 100vw, 434px\" \/>\t\t\t\t\t\t\t\t<\/a>\n\t\t\t\t\t\t\t\t\t\t\t\t\t<\/div>\n\t\t\t\t<\/div>\n\t\t\t\t<\/div>\n\t\t<div class=\"elementor-element elementor-element-e7a7c3b e-con-full e-flex e-con e-child\" data-id=\"e7a7c3b\" data-element_type=\"container\" data-settings=\"{&quot;background_background&quot;:&quot;classic&quot;}\">\n\t\t\t\t<div class=\"elementor-element elementor-element-3ab2e95 elementor-widget-tablet__width-initial elementor-widget elementor-widget-text-editor\" data-id=\"3ab2e95\" data-element_type=\"widget\" data-widget_type=\"text-editor.default\">\n\t\t\t\t<div class=\"elementor-widget-container\">\n\t\t\t\t\t\t\t<h5>Eigenschaften<\/h5>\t\t\t\t\t\t<\/div>\n\t\t\t\t<\/div>\n\t\t\t\t<div class=\"elementor-element elementor-element-fa05a39 elementor-widget elementor-widget-text-editor\" data-id=\"fa05a39\" data-element_type=\"widget\" data-widget_type=\"text-editor.default\">\n\t\t\t\t<div class=\"elementor-widget-container\">\n\t\t\t\t\t\t\t<ul class=\"list-point\">\n<li>Ideales Terrassendach f\u00fcr jede Terrasse, Garten, Balkon oder sogar als Sonderl\u00f6sung<\/li>\n<li> Genie\u00dfen Sie die Freiluftsaison mit einem Terrassendach ohne Beeintr\u00e4chtigungen durch Wind und Wetter<\/li>\n<li>Der neue Wandanschluss sorgt f\u00fcr maximale Funktion und h\u00f6chste Dichtigkeit Ihres Terrassendachs<\/li>\n<li>Durch Flexibilit\u00e4t und Vielfalt in Planung und Gestaltung l\u00e4sst sich ein Terrassendach an die unterschiedlichsten Gegebenheiten anpassen<\/li>\n<\/ul>\t\t\t\t\t\t<\/div>\n\t\t\t\t<\/div>\n\t\t\t\t<\/div>\n\t\t\t\t\t<\/div>\n\t\t\t\t<\/div>\n\t\t<div class=\"elementor-element elementor-element-c62755b e-flex e-con-boxed e-con e-parent\" data-id=\"c62755b\" data-element_type=\"container\">\n\t\t\t\t\t<div class=\"e-con-inner\">\n\t\t<div class=\"elementor-element elementor-element-de8b5e5 e-con-full e-flex e-con e-child\" data-id=\"de8b5e5\" data-element_type=\"container\">\n\t\t\t\t<div class=\"elementor-element elementor-element-2f58658 elementor-widget-tablet__width-initial elementor-widget elementor-widget-text-editor\" data-id=\"2f58658\" data-element_type=\"widget\" data-widget_type=\"text-editor.default\">\n\t\t\t\t<div class=\"elementor-widget-container\">\n\t\t\t\t\t\t\t<h5>MODELLE<br \/>KASSETENMARKISE<\/h5>\t\t\t\t\t\t<\/div>\n\t\t\t\t<\/div>\n\t\t\t\t<\/div>\n\t\t\t\t\t<\/div>\n\t\t\t\t<\/div>\n\t\t<div class=\"elementor-element elementor-element-eeab175 e-flex e-con-boxed e-con e-parent\" data-id=\"eeab175\" data-element_type=\"container\" data-settings=\"{&quot;background_background&quot;:&quot;classic&quot;}\">\n\t\t\t\t\t<div class=\"e-con-inner\">\n\t\t<div class=\"elementor-element elementor-element-701b57c e-con-full e-flex e-con e-child\" data-id=\"701b57c\" data-element_type=\"container\" data-settings=\"{&quot;background_background&quot;:&quot;classic&quot;}\">\n\t\t\t\t<div class=\"elementor-element elementor-element-f25c1ad elementor-widget elementor-widget-image\" data-id=\"f25c1ad\" data-element_type=\"widget\" data-widget_type=\"image.default\">\n\t\t\t\t<div class=\"elementor-widget-container\">\n\t\t\t\t\t\t\t\t\t\t\t\t\t\t<a href=\"https:\/\/rollomax.at\/wp-content\/uploads\/2024\/06\/Produkte_Kategorie-hs_wintergarten.jpg\" data-elementor-open-lightbox=\"yes\" data-elementor-lightbox-title=\"Produkte_Kategorie-hs_wintergarten\" data-e-action-hash=\"#elementor-action%3Aaction%3Dlightbox%26settings%3DeyJpZCI6MTA3NDIsInVybCI6Imh0dHBzOlwvXC9yb2xsb21heC5hdFwvd3AtY29udGVudFwvdXBsb2Fkc1wvMjAyNFwvMDZcL1Byb2R1a3RlX0thdGVnb3JpZS1oc193aW50ZXJnYXJ0ZW4uanBnIn0%3D\">\n\t\t\t\t\t\t\t<img decoding=\"async\" width=\"305\" height=\"150\" src=\"https:\/\/rollomax.at\/wp-content\/uploads\/2024\/06\/Produkte_Kategorie-hs_wintergarten.jpg\" class=\"attachment-large size-large wp-image-10742\" alt=\"\" srcset=\"https:\/\/rollomax.at\/wp-content\/uploads\/2024\/06\/Produkte_Kategorie-hs_wintergarten.jpg 305w, https:\/\/rollomax.at\/wp-content\/uploads\/2024\/06\/Produkte_Kategorie-hs_wintergarten-300x148.jpg 300w, https:\/\/rollomax.at\/wp-content\/uploads\/2024\/06\/Produkte_Kategorie-hs_wintergarten-18x9.jpg 18w\" sizes=\"(max-width: 305px) 100vw, 305px\" \/>\t\t\t\t\t\t\t\t<\/a>\n\t\t\t\t\t\t\t\t\t\t\t\t\t<\/div>\n\t\t\t\t<\/div>\n\t\t\t\t<div class=\"elementor-element elementor-element-b821387 elementor-align-left elementor-widget__width-initial elementor-widget elementor-widget-button\" data-id=\"b821387\" data-element_type=\"widget\" data-widget_type=\"button.default\">\n\t\t\t\t<div class=\"elementor-widget-container\">\n\t\t\t\t\t<div class=\"elementor-button-wrapper\">\n\t\t\t<a class=\"elementor-button elementor-button-link elementor-size-sm\" href=\"https:\/\/www.erhardt-markisen.de\/wp-content\/uploads\/dokumente\/erhardt-hs_endkundeprospekt_03_2023_d.pdf\">\n\t\t\t\t\t\t<span class=\"elementor-button-content-wrapper\">\n\t\t\t\t\t\t\t\t\t<span class=\"elementor-button-text\">Prospekt (PDF)<\/span>\n\t\t\t\t\t<\/span>\n\t\t\t\t\t<\/a>\n\t\t<\/div>\n\t\t\t\t<\/div>\n\t\t\t\t<\/div>\n\t\t\t\t<div class=\"elementor-element elementor-element-1bf32ea elementor-widget elementor-widget-text-editor\" data-id=\"1bf32ea\" data-element_type=\"widget\" data-widget_type=\"text-editor.default\">\n\t\t\t\t<div class=\"elementor-widget-container\">\n\t\t\t\t\t\t\t<h6>ERHARDT HS<\/h6>\n<ul>\n<li>Aufdach- und Unterdachmontage<\/li>\n<li>Montage: 2 Seitenschienen auf Distanzhalter<\/li>\n<li> Minimalbreite: 145 x 600 cm (Breite x Ausfall)<\/li>\n<li> Maximalma\u00dfe: 650 x 600 cm (Breite x Ausfall)<\/li>\n<li> \u00dcberstand Schienen max. 100 cm<\/li>\n<\/ul>\n\n\n\t\t\t\t\t\t<\/div>\n\t\t\t\t<\/div>\n\t\t\t\t<\/div>\n\t\t<div class=\"elementor-element elementor-element-6625f18 e-con-full e-flex e-con e-child\" data-id=\"6625f18\" data-element_type=\"container\" data-settings=\"{&quot;background_background&quot;:&quot;classic&quot;}\">\n\t\t\t\t<div class=\"elementor-element elementor-element-1f8976c elementor-widget elementor-widget-image\" data-id=\"1f8976c\" data-element_type=\"widget\" data-widget_type=\"image.default\">\n\t\t\t\t<div class=\"elementor-widget-container\">\n\t\t\t\t\t\t\t\t\t\t\t\t\t\t<a href=\"https:\/\/rollomax.at\/wp-content\/uploads\/2024\/06\/Produkte_Kategorie-wg_wintergarten.jpg\" data-elementor-open-lightbox=\"yes\" data-elementor-lightbox-title=\"Produkte_Kategorie-wg_wintergarten\" data-e-action-hash=\"#elementor-action%3Aaction%3Dlightbox%26settings%3DeyJpZCI6MTA3NDMsInVybCI6Imh0dHBzOlwvXC9yb2xsb21heC5hdFwvd3AtY29udGVudFwvdXBsb2Fkc1wvMjAyNFwvMDZcL1Byb2R1a3RlX0thdGVnb3JpZS13Z193aW50ZXJnYXJ0ZW4uanBnIn0%3D\">\n\t\t\t\t\t\t\t<img decoding=\"async\" width=\"305\" height=\"150\" src=\"https:\/\/rollomax.at\/wp-content\/uploads\/2024\/06\/Produkte_Kategorie-wg_wintergarten.jpg\" class=\"attachment-large size-large wp-image-10743\" alt=\"\" srcset=\"https:\/\/rollomax.at\/wp-content\/uploads\/2024\/06\/Produkte_Kategorie-wg_wintergarten.jpg 305w, https:\/\/rollomax.at\/wp-content\/uploads\/2024\/06\/Produkte_Kategorie-wg_wintergarten-300x148.jpg 300w, https:\/\/rollomax.at\/wp-content\/uploads\/2024\/06\/Produkte_Kategorie-wg_wintergarten-18x9.jpg 18w\" sizes=\"(max-width: 305px) 100vw, 305px\" \/>\t\t\t\t\t\t\t\t<\/a>\n\t\t\t\t\t\t\t\t\t\t\t\t\t<\/div>\n\t\t\t\t<\/div>\n\t\t\t\t<div class=\"elementor-element elementor-element-d1c0535 elementor-align-left elementor-widget__width-initial elementor-widget elementor-widget-button\" data-id=\"d1c0535\" data-element_type=\"widget\" data-widget_type=\"button.default\">\n\t\t\t\t<div class=\"elementor-widget-container\">\n\t\t\t\t\t<div class=\"elementor-button-wrapper\">\n\t\t\t<a class=\"elementor-button elementor-button-link elementor-size-sm\" href=\"https:\/\/www.erhardt-markisen.de\/wp-content\/uploads\/dokumente\/erhardt-wg_endkundeprospekt_01_2024_deutsch.pdf\">\n\t\t\t\t\t\t<span class=\"elementor-button-content-wrapper\">\n\t\t\t\t\t\t\t\t\t<span class=\"elementor-button-text\">Prospekt (PDF)<\/span>\n\t\t\t\t\t<\/span>\n\t\t\t\t\t<\/a>\n\t\t<\/div>\n\t\t\t\t<\/div>\n\t\t\t\t<\/div>\n\t\t\t\t<div class=\"elementor-element elementor-element-c7abd61 elementor-widget elementor-widget-text-editor\" data-id=\"c7abd61\" data-element_type=\"widget\" data-widget_type=\"text-editor.default\">\n\t\t\t\t<div class=\"elementor-widget-container\">\n\t\t\t\t\t\t\t<h6>ERHARDT WG<\/h6>\n<ul>\n\n<li>Aufdachmontage, auch f\u00fcr Speziall\u00f6sungen<\/li>\n<li>Montage: 2 freie Schienen in Direktmontage unterhalb des Tuches<\/li>\n<li>Minimalbreite: 80 x 450 cm (Breite x Ausfall)<\/li>\n<li>Maximalma\u00dfe: 500 x 450 cm oder<\/li>\n<li>600 x 400 cm (Breite x Ausfall)<\/li>\n<\/ul>\t\t\t\t\t\t<\/div>\n\t\t\t\t<\/div>\n\t\t\t\t<\/div>\n\t\t<div class=\"elementor-element elementor-element-9e48d91 e-con-full e-flex e-con e-child\" data-id=\"9e48d91\" data-element_type=\"container\" data-settings=\"{&quot;background_background&quot;:&quot;classic&quot;}\">\n\t\t\t\t<div class=\"elementor-element elementor-element-722e8e5 elementor-widget elementor-widget-image\" data-id=\"722e8e5\" data-element_type=\"widget\" data-widget_type=\"image.default\">\n\t\t\t\t<div class=\"elementor-widget-container\">\n\t\t\t\t\t\t\t\t\t\t\t\t\t\t<a href=\"https:\/\/rollomax.at\/wp-content\/uploads\/2024\/06\/02_thumb_erhardt_tm18_n.jpg\" data-elementor-open-lightbox=\"yes\" data-elementor-lightbox-title=\"02_thumb_erhardt_tm18_n\" data-e-action-hash=\"#elementor-action%3Aaction%3Dlightbox%26settings%3DeyJpZCI6MTA3NDQsInVybCI6Imh0dHBzOlwvXC9yb2xsb21heC5hdFwvd3AtY29udGVudFwvdXBsb2Fkc1wvMjAyNFwvMDZcLzAyX3RodW1iX2VyaGFyZHRfdG0xOF9uLmpwZyJ9\">\n\t\t\t\t\t\t\t<img loading=\"lazy\" decoding=\"async\" width=\"305\" height=\"150\" src=\"https:\/\/rollomax.at\/wp-content\/uploads\/2024\/06\/02_thumb_erhardt_tm18_n.jpg\" class=\"attachment-large size-large wp-image-10744\" alt=\"\" srcset=\"https:\/\/rollomax.at\/wp-content\/uploads\/2024\/06\/02_thumb_erhardt_tm18_n.jpg 305w, https:\/\/rollomax.at\/wp-content\/uploads\/2024\/06\/02_thumb_erhardt_tm18_n-300x148.jpg 300w, https:\/\/rollomax.at\/wp-content\/uploads\/2024\/06\/02_thumb_erhardt_tm18_n-18x9.jpg 18w\" sizes=\"(max-width: 305px) 100vw, 305px\" \/>\t\t\t\t\t\t\t\t<\/a>\n\t\t\t\t\t\t\t\t\t\t\t\t\t<\/div>\n\t\t\t\t<\/div>\n\t\t\t\t<div class=\"elementor-element elementor-element-df56d06 elementor-align-left elementor-widget__width-initial elementor-widget elementor-widget-button\" data-id=\"df56d06\" data-element_type=\"widget\" data-widget_type=\"button.default\">\n\t\t\t\t<div class=\"elementor-widget-container\">\n\t\t\t\t\t<div class=\"elementor-button-wrapper\">\n\t\t\t<a class=\"elementor-button elementor-button-link elementor-size-sm\" href=\"https:\/\/www.erhardt-markisen.de\/wp-content\/uploads\/dokumente\/erhardt-wg_endkundeprospekt_01_2024_deutsch.pdf\">\n\t\t\t\t\t\t<span class=\"elementor-button-content-wrapper\">\n\t\t\t\t\t\t\t\t\t<span class=\"elementor-button-text\">Prospekt (PDF)<\/span>\n\t\t\t\t\t<\/span>\n\t\t\t\t\t<\/a>\n\t\t<\/div>\n\t\t\t\t<\/div>\n\t\t\t\t<\/div>\n\t\t\t\t<div class=\"elementor-element elementor-element-f57fa0b elementor-widget elementor-widget-text-editor\" data-id=\"f57fa0b\" data-element_type=\"widget\" data-widget_type=\"text-editor.default\">\n\t\t\t\t<div class=\"elementor-widget-container\">\n\t\t\t\t\t\t\t<h6>ERHARDT TMPlus<\/h6>\n<ul>\n<li>Aufdach- und Unterdachmontage<\/li>\n<li>Montage: 2 Seitenschienen auf Distanzhalter<\/li>\n<li>Minimalbreite (Breite x Ausfall): 100 x 300 cm<\/li>\n<li>Maximalbreite (Breite x Ausfall):<\/li>\n<li>Unterdachmontage 600 x 450 cm<\/li>\nAufdachmontage 500 x 450 cm<\/li>\n<\/ul>\t\t\t\t\t\t<\/div>\n\t\t\t\t<\/div>\n\t\t\t\t<\/div>\n\t\t\t\t\t<\/div>\n\t\t\t\t<\/div>\n\t\t<div class=\"elementor-element elementor-element-fa3462b e-flex e-con-boxed e-con e-parent\" data-id=\"fa3462b\" data-element_type=\"container\" data-settings=\"{&quot;background_background&quot;:&quot;classic&quot;}\">\n\t\t\t\t\t<div class=\"e-con-inner\">\n\t\t<div class=\"elementor-element elementor-element-1d15185 e-con-full e-flex e-con e-child\" data-id=\"1d15185\" data-element_type=\"container\">\n\t\t\t\t<div class=\"elementor-element elementor-element-6bc1131 elementor-widget elementor-widget-image\" data-id=\"6bc1131\" data-element_type=\"widget\" data-widget_type=\"image.default\">\n\t\t\t\t<div class=\"elementor-widget-container\">\n\t\t\t\t\t\t\t\t\t\t\t\t\t\t<a href=\"https:\/\/rollomax.at\/wp-content\/uploads\/2024\/05\/03_g_erhardt_wg_04-21.jpg\" data-elementor-open-lightbox=\"yes\" data-elementor-lightbox-title=\"03_g_erhardt_wg_04-21\" data-e-action-hash=\"#elementor-action%3Aaction%3Dlightbox%26settings%3DeyJpZCI6Njk3NSwidXJsIjoiaHR0cHM6XC9cL3JvbGxvbWF4LmF0XC93cC1jb250ZW50XC91cGxvYWRzXC8yMDI0XC8wNVwvMDNfZ19lcmhhcmR0X3dnXzA0LTIxLmpwZyJ9\">\n\t\t\t\t\t\t\t<img loading=\"lazy\" decoding=\"async\" width=\"800\" height=\"611\" src=\"https:\/\/rollomax.at\/wp-content\/uploads\/2024\/05\/03_g_erhardt_wg_04-21-1024x782.jpg\" class=\"attachment-large size-large wp-image-6975\" alt=\"\" srcset=\"https:\/\/rollomax.at\/wp-content\/uploads\/2024\/05\/03_g_erhardt_wg_04-21-1024x782.jpg 1024w, https:\/\/rollomax.at\/wp-content\/uploads\/2024\/05\/03_g_erhardt_wg_04-21-300x229.jpg 300w, https:\/\/rollomax.at\/wp-content\/uploads\/2024\/05\/03_g_erhardt_wg_04-21-768x586.jpg 768w, https:\/\/rollomax.at\/wp-content\/uploads\/2024\/05\/03_g_erhardt_wg_04-21-800x611.jpg 800w, https:\/\/rollomax.at\/wp-content\/uploads\/2024\/05\/03_g_erhardt_wg_04-21.jpg 1225w\" sizes=\"(max-width: 800px) 100vw, 800px\" \/>\t\t\t\t\t\t\t\t<\/a>\n\t\t\t\t\t\t\t\t\t\t\t\t\t<\/div>\n\t\t\t\t<\/div>\n\t\t\t\t<\/div>\n\t\t<div class=\"elementor-element elementor-element-37a19a8 e-con-full e-flex e-con e-child\" data-id=\"37a19a8\" data-element_type=\"container\" data-settings=\"{&quot;background_background&quot;:&quot;classic&quot;}\">\n\t\t\t\t<div class=\"elementor-element elementor-element-a49cfec elementor-widget-tablet__width-initial elementor-widget elementor-widget-text-editor\" data-id=\"a49cfec\" data-element_type=\"widget\" data-widget_type=\"text-editor.default\">\n\t\t\t\t<div class=\"elementor-widget-container\">\n\t\t\t\t\t\t\t<h5>ZUBEH\u00d6R<\/h5>\t\t\t\t\t\t<\/div>\n\t\t\t\t<\/div>\n\t\t\t\t<div class=\"elementor-element elementor-element-d52d86f elementor-widget elementor-widget-text-editor\" data-id=\"d52d86f\" data-element_type=\"widget\" data-widget_type=\"text-editor.default\">\n\t\t\t\t<div class=\"elementor-widget-container\">\n\t\t\t\t\t\t\t<ul class=\"list-point\"><li>Motor (optional mit Funk-Fernbedienung)<\/li><li>Windautomatik \/ Sonnenautomatik<\/li><li>Funk-Schwingungssensor<\/li><li>Beleuchtung mit Lichtschiene (optional dimmbar)<\/li><li>Infrarot-Heizstrahler (inklusive Funkdimmer)<\/li><\/ul>\t\t\t\t\t\t<\/div>\n\t\t\t\t<\/div>\n\t\t\t\t<\/div>\n\t\t\t\t\t<\/div>\n\t\t\t\t<\/div>\n\t\t\t\t<\/div>","protected":false},"excerpt":{"rendered":"<p>ERHARDT Markisenbau fertigt alle Produkte in Burtenbach (Bayern). Gr\u00f6\u00dftm\u00f6glicher Service und eine permanente Fertigungskontrolle garantieren hohe Qualit\u00e4t.<\/p>","protected":false},"featured_media":6971,"template":"","meta":[],"product_cat":[27],"product_tag":[219],"class_list":{"0":"post-10729","1":"product","2":"type-product","3":"status-publish","4":"has-post-thumbnail","6":"product_cat-markisen","7":"product_tag-markise_new","9":"first","10":"instock","11":"shipping-taxable","12":"purchasable","13":"product-type-simple"},"_links":{"self":[{"href":"https:\/\/rollomax.at\/de\/wp-json\/wp\/v2\/product\/10729","targetHints":{"allow":["GET"]}}],"collection":[{"href":"https:\/\/rollomax.at\/de\/wp-json\/wp\/v2\/product"}],"about":[{"href":"https:\/\/rollomax.at\/de\/wp-json\/wp\/v2\/types\/product"}],"version-history":[{"count":35,"href":"https:\/\/rollomax.at\/de\/wp-json\/wp\/v2\/product\/10729\/revisions"}],"predecessor-version":[{"id":10836,"href":"https:\/\/rollomax.at\/de\/wp-json\/wp\/v2\/product\/10729\/revisions\/10836"}],"wp:featuredmedia":[{"embeddable":true,"href":"https:\/\/rollomax.at\/de\/wp-json\/wp\/v2\/media\/6971"}],"wp:attachment":[{"href":"https:\/\/rollomax.at\/de\/wp-json\/wp\/v2\/media?parent=10729"}],"wp:term":[{"taxonomy":"product_cat","embeddable":true,"href":"https:\/\/rollomax.at\/de\/wp-json\/wp\/v2\/product_cat?post=10729"},{"taxonomy":"product_tag","embeddable":true,"href":"https:\/\/rollomax.at\/de\/wp-json\/wp\/v2\/product_tag?post=10729"}],"curies":[{"name":"wp","href":"https:\/\/api.w.org\/{rel}","templated":true}]}}