{"id":10673,"date":"2024-06-17T10:03:17","date_gmt":"2024-06-17T10:03:17","guid":{"rendered":"https:\/\/rollomax.at\/?post_type=product&#038;p=10673"},"modified":"2024-06-17T11:38:37","modified_gmt":"2024-06-17T11:38:37","slug":"pergolamarkisen","status":"publish","type":"product","link":"https:\/\/rollomax.at\/de\/product\/pergolamarkisen","title":{"rendered":"Pergolamarkisen"},"content":{"rendered":"<div data-elementor-type=\"product-post\" data-elementor-id=\"10673\" class=\"elementor elementor-10673\" data-elementor-post-type=\"product\">\n\t\t\t\t<div class=\"elementor-element elementor-element-161be47 e-flex e-con-boxed e-con e-parent\" data-id=\"161be47\" data-element_type=\"container\">\n\t\t\t\t\t<div class=\"e-con-inner\">\n\t\t<div class=\"elementor-element elementor-element-5df8b8a e-con-full e-flex e-con e-child\" data-id=\"5df8b8a\" data-element_type=\"container\">\n\t\t\t\t<div class=\"elementor-element elementor-element-ea5c434 elementor-widget elementor-widget-heading\" data-id=\"ea5c434\" data-element_type=\"widget\" data-widget_type=\"heading.default\">\n\t\t\t\t<div class=\"elementor-widget-container\">\n\t\t\t<style>\/*! elementor - v3.22.0 - 26-06-2024 *\/\n.elementor-heading-title{padding:0;margin:0;line-height:1}.elementor-widget-heading .elementor-heading-title[class*=elementor-size-]>a{color:inherit;font-size:inherit;line-height:inherit}.elementor-widget-heading .elementor-heading-title.elementor-size-small{font-size:15px}.elementor-widget-heading .elementor-heading-title.elementor-size-medium{font-size:19px}.elementor-widget-heading .elementor-heading-title.elementor-size-large{font-size:29px}.elementor-widget-heading .elementor-heading-title.elementor-size-xl{font-size:39px}.elementor-widget-heading .elementor-heading-title.elementor-size-xxl{font-size:59px}<\/style><h2 class=\"elementor-heading-title elementor-size-default\">Ideale Beschattung<br\/> f\u00fcr\nkleine Balkone<br\/> und Terrassen<\/h2>\t\t<\/div>\n\t\t\t\t<\/div>\n\t\t\t\t<\/div>\n\t\t<div class=\"elementor-element elementor-element-f786e28 e-con-full e-flex e-con e-child\" data-id=\"f786e28\" data-element_type=\"container\">\n\t\t\t\t<div class=\"elementor-element elementor-element-b675cf5 elementor-widget elementor-widget-text-editor\" data-id=\"b675cf5\" data-element_type=\"widget\" data-widget_type=\"text-editor.default\">\n\t\t\t\t<div class=\"elementor-widget-container\">\n\t\t\t<style>\/*! elementor - v3.22.0 - 26-06-2024 *\/\n.elementor-widget-text-editor.elementor-drop-cap-view-stacked .elementor-drop-cap{background-color:#69727d;color:#fff}.elementor-widget-text-editor.elementor-drop-cap-view-framed .elementor-drop-cap{color:#69727d;border:3px solid;background-color:transparent}.elementor-widget-text-editor:not(.elementor-drop-cap-view-default) .elementor-drop-cap{margin-top:8px}.elementor-widget-text-editor:not(.elementor-drop-cap-view-default) .elementor-drop-cap-letter{width:1em;height:1em}.elementor-widget-text-editor .elementor-drop-cap{float:left;text-align:center;line-height:1;font-size:50px}.elementor-widget-text-editor .elementor-drop-cap-letter{display:inline-block}<\/style>\t\t\t\t<p>Die Pergolamarkise macht selbst aus kleineren Dachterrassen oder Balkonen Lieblingspl\u00e4tze. Die Markise sch\u00fctzt Au\u00dfenbereiche zuverl\u00e4ssig vor Sonne, leichten Witterungseinfl\u00fcssen und h\u00e4lt m\u00e4\u00dfigem Wind stand. Bei diesem Markisentyp l\u00e4sst sich zus\u00e4tzlich zur horizontalen Markise am Ausfallprofil eine Senkrechtbeschattung herunterlassen (mit Kurbel oder per Fernbedienung bedienbar). Diese vergr\u00f6\u00dfert nicht nur den Schattenbereich, sondern bietet zus\u00e4tzlichen Blendschutz vor tiefstehender Sonne und verhindert neugierige Blicke von au\u00dfen. Mit dieser Markise sind auch gr\u00f6\u00dfere Bereiche optimal gesch\u00fctzt, denn eine Reihenmontage ist jederzeit m\u00f6glich.\u00a0<\/p>\t\t\t\t\t\t<\/div>\n\t\t\t\t<\/div>\n\t\t\t\t<\/div>\n\t\t\t\t\t<\/div>\n\t\t\t\t<\/div>\n\t\t<div class=\"elementor-element elementor-element-b495e0e e-flex e-con-boxed e-con e-parent\" data-id=\"b495e0e\" data-element_type=\"container\" data-settings=\"{&quot;background_background&quot;:&quot;classic&quot;}\">\n\t\t\t\t\t<div class=\"e-con-inner\">\n\t\t<div class=\"elementor-element elementor-element-014203c e-con-full e-flex e-con e-child\" data-id=\"014203c\" data-element_type=\"container\">\n\t\t\t\t<div class=\"elementor-element elementor-element-11eef14 elementor-widget elementor-widget-image\" data-id=\"11eef14\" data-element_type=\"widget\" data-widget_type=\"image.default\">\n\t\t\t\t<div class=\"elementor-widget-container\">\n\t\t\t<style>\/*! elementor - v3.22.0 - 26-06-2024 *\/\n.elementor-widget-image{text-align:center}.elementor-widget-image a{display:inline-block}.elementor-widget-image a img[src$=\".svg\"]{width:48px}.elementor-widget-image img{vertical-align:middle;display:inline-block}<\/style>\t\t\t\t\t\t\t\t\t\t\t<a href=\"https:\/\/rollomax.at\/wp-content\/uploads\/2024\/06\/PM-21-Detail-434-x-216.jpg\" data-elementor-open-lightbox=\"yes\" data-elementor-lightbox-title=\"PM-21-Detail-434-x-216\" data-e-action-hash=\"#elementor-action%3Aaction%3Dlightbox%26settings%3DeyJpZCI6MTA2NzgsInVybCI6Imh0dHBzOlwvXC9yb2xsb21heC5hdFwvd3AtY29udGVudFwvdXBsb2Fkc1wvMjAyNFwvMDZcL1BNLTIxLURldGFpbC00MzQteC0yMTYuanBnIn0%3D\">\n\t\t\t\t\t\t\t<img fetchpriority=\"high\" decoding=\"async\" width=\"434\" height=\"216\" src=\"https:\/\/rollomax.at\/wp-content\/uploads\/2024\/06\/PM-21-Detail-434-x-216.jpg\" class=\"attachment-large size-large wp-image-10678\" alt=\"\" srcset=\"https:\/\/rollomax.at\/wp-content\/uploads\/2024\/06\/PM-21-Detail-434-x-216.jpg 434w, https:\/\/rollomax.at\/wp-content\/uploads\/2024\/06\/PM-21-Detail-434-x-216-300x149.jpg 300w, https:\/\/rollomax.at\/wp-content\/uploads\/2024\/06\/PM-21-Detail-434-x-216-18x9.jpg 18w\" sizes=\"(max-width: 434px) 100vw, 434px\" \/>\t\t\t\t\t\t\t\t<\/a>\n\t\t\t\t\t\t\t\t\t\t\t\t\t<\/div>\n\t\t\t\t<\/div>\n\t\t\t\t<\/div>\n\t\t<div class=\"elementor-element elementor-element-393e265 e-con-full e-flex e-con e-child\" data-id=\"393e265\" data-element_type=\"container\" data-settings=\"{&quot;background_background&quot;:&quot;classic&quot;}\">\n\t\t\t\t<div class=\"elementor-element elementor-element-d0b39a5 elementor-widget-tablet__width-initial elementor-widget elementor-widget-text-editor\" data-id=\"d0b39a5\" data-element_type=\"widget\" data-widget_type=\"text-editor.default\">\n\t\t\t\t<div class=\"elementor-widget-container\">\n\t\t\t\t\t\t\t<h5>Eigenschaften<\/h5>\t\t\t\t\t\t<\/div>\n\t\t\t\t<\/div>\n\t\t\t\t<div class=\"elementor-element elementor-element-f5e1172 elementor-widget elementor-widget-text-editor\" data-id=\"f5e1172\" data-element_type=\"widget\" data-widget_type=\"text-editor.default\">\n\t\t\t\t<div class=\"elementor-widget-container\">\n\t\t\t\t\t\t\t<ul class=\"list-point\">\n \t<li>Raffinierte Beschattung: Markisentuch mit standhaften Profilen<\/li>\n \t<li>Kombination aus Terrassen\u00fcberdachung und Markise<\/li>\n \t<li>Ideale Beschattung f\u00fcr kleine Balkone und Terrassen<\/li>\n \t<li>Zus\u00e4tzlicher Sonnenschutz mit einer Senkrechtbeschattung (bis auf 1,60 m)<\/li>\n \t<li>Markise wird per Funk gesteuer<\/li>\n\n<li>\nJeder Wunsch RAL Ton m\u00f6glich<\/li>\n<\/ul>\t\t\t\t\t\t<\/div>\n\t\t\t\t<\/div>\n\t\t\t\t<\/div>\n\t\t\t\t\t<\/div>\n\t\t\t\t<\/div>\n\t\t<div class=\"elementor-element elementor-element-c2ccb52 e-flex e-con-boxed e-con e-parent\" data-id=\"c2ccb52\" data-element_type=\"container\">\n\t\t\t\t\t<div class=\"e-con-inner\">\n\t\t<div class=\"elementor-element elementor-element-2879af0 e-con-full e-flex e-con e-child\" data-id=\"2879af0\" data-element_type=\"container\">\n\t\t\t\t<div class=\"elementor-element elementor-element-e4215a1 elementor-widget-tablet__width-initial elementor-widget elementor-widget-text-editor\" data-id=\"e4215a1\" data-element_type=\"widget\" data-widget_type=\"text-editor.default\">\n\t\t\t\t<div class=\"elementor-widget-container\">\n\t\t\t\t\t\t\t<h5>MODELLE<br \/>PERGOLAMARKISE<\/h5>\t\t\t\t\t\t<\/div>\n\t\t\t\t<\/div>\n\t\t\t\t<\/div>\n\t\t\t\t\t<\/div>\n\t\t\t\t<\/div>\n\t\t<div class=\"elementor-element elementor-element-7136b47 e-flex e-con-boxed e-con e-parent\" data-id=\"7136b47\" data-element_type=\"container\" data-settings=\"{&quot;background_background&quot;:&quot;classic&quot;}\">\n\t\t\t\t\t<div class=\"e-con-inner\">\n\t\t<div class=\"elementor-element elementor-element-5a6ba1c e-flex e-con-boxed e-con e-child\" data-id=\"5a6ba1c\" data-element_type=\"container\" data-settings=\"{&quot;background_background&quot;:&quot;classic&quot;}\">\n\t\t\t\t\t<div class=\"e-con-inner\">\n\t\t<div class=\"elementor-element elementor-element-ce856d4 e-con-full e-flex e-con e-child\" data-id=\"ce856d4\" data-element_type=\"container\">\n\t\t\t\t<div class=\"elementor-element elementor-element-5dcf959 elementor-widget elementor-widget-image\" data-id=\"5dcf959\" data-element_type=\"widget\" data-widget_type=\"image.default\">\n\t\t\t\t<div class=\"elementor-widget-container\">\n\t\t\t\t\t\t\t\t\t\t\t\t\t\t<a href=\"https:\/\/rollomax.at\/wp-content\/uploads\/2024\/06\/erhardt-pm_usps_abendstimmung_21.jpg\" data-elementor-open-lightbox=\"yes\" data-elementor-lightbox-title=\"erhardt-pm_usps_abendstimmung_21\" data-e-action-hash=\"#elementor-action%3Aaction%3Dlightbox%26settings%3DeyJpZCI6MTA2ODgsInVybCI6Imh0dHBzOlwvXC9yb2xsb21heC5hdFwvd3AtY29udGVudFwvdXBsb2Fkc1wvMjAyNFwvMDZcL2VyaGFyZHQtcG1fdXNwc19hYmVuZHN0aW1tdW5nXzIxLmpwZyJ9\">\n\t\t\t\t\t\t\t<img decoding=\"async\" width=\"305\" height=\"240\" src=\"https:\/\/rollomax.at\/wp-content\/uploads\/2024\/06\/erhardt-pm_usps_abendstimmung_21.jpg\" class=\"attachment-medium_large size-medium_large wp-image-10688\" alt=\"\" srcset=\"https:\/\/rollomax.at\/wp-content\/uploads\/2024\/06\/erhardt-pm_usps_abendstimmung_21.jpg 305w, https:\/\/rollomax.at\/wp-content\/uploads\/2024\/06\/erhardt-pm_usps_abendstimmung_21-300x236.jpg 300w, https:\/\/rollomax.at\/wp-content\/uploads\/2024\/06\/erhardt-pm_usps_abendstimmung_21-15x12.jpg 15w\" sizes=\"(max-width: 305px) 100vw, 305px\" \/>\t\t\t\t\t\t\t\t<\/a>\n\t\t\t\t\t\t\t\t\t\t\t\t\t<\/div>\n\t\t\t\t<\/div>\n\t\t\t\t<div class=\"elementor-element elementor-element-bda5c65 elementor-align-left elementor-widget__width-initial elementor-widget elementor-widget-button\" data-id=\"bda5c65\" data-element_type=\"widget\" data-widget_type=\"button.default\">\n\t\t\t\t<div class=\"elementor-widget-container\">\n\t\t\t\t\t<div class=\"elementor-button-wrapper\">\n\t\t\t<a class=\"elementor-button elementor-button-link elementor-size-sm\" href=\"https:\/\/www.erhardt-markisen.de\/wp-content\/uploads\/dokumente\/erhardt_produktbroschuere_pm_210x297_05-2024_d_low.pdf\">\n\t\t\t\t\t\t<span class=\"elementor-button-content-wrapper\">\n\t\t\t\t\t\t\t\t\t<span class=\"elementor-button-text\">Prospekt (PDF)<\/span>\n\t\t\t\t\t<\/span>\n\t\t\t\t\t<\/a>\n\t\t<\/div>\n\t\t\t\t<\/div>\n\t\t\t\t<\/div>\n\t\t\t\t<\/div>\n\t\t<div class=\"elementor-element elementor-element-e58c8a0 e-con-full e-flex e-con e-child\" data-id=\"e58c8a0\" data-element_type=\"container\">\n\t\t\t\t<div class=\"elementor-element elementor-element-cfa4f12 elementor-widget elementor-widget-text-editor\" data-id=\"cfa4f12\" data-element_type=\"widget\" data-widget_type=\"text-editor.default\">\n\t\t\t\t<div class=\"elementor-widget-container\">\n\t\t\t\t\t\t\t<h6>PMPlus<\/h6>\n<ul>\n \t<li>Minimalbreite:\n145 cm mit max. Ausfall 500 cm<\/li>\n \t<li>Maximalbreite:\n650 cm mit max. Ausfall 450 cm<\/li>\n \t<li>Maximalausfall:\n500 cm mit max. Breite 600 cm<\/li>\n \t<li>Tuchf\u00fchrung \u00fcber die Ausfallstange<\/li>\n<\/ul>\t\t\t\t\t\t<\/div>\n\t\t\t\t<\/div>\n\t\t\t\t<\/div>\n\t\t<div class=\"elementor-element elementor-element-1d2d086 e-con-full e-flex e-con e-child\" data-id=\"1d2d086\" data-element_type=\"container\">\n\t\t\t\t<div class=\"elementor-element elementor-element-9b99469 elementor-widget elementor-widget-image\" data-id=\"9b99469\" data-element_type=\"widget\" data-widget_type=\"image.default\">\n\t\t\t\t<div class=\"elementor-widget-container\">\n\t\t\t\t\t\t\t\t\t\t\t\t\t\t<a href=\"https:\/\/rollomax.at\/wp-content\/uploads\/2024\/06\/pmlight_detail_senkrechtersonnenschutz.jpg\" data-elementor-open-lightbox=\"yes\" data-elementor-lightbox-title=\"pmlight_detail_senkrechtersonnenschutz\" data-e-action-hash=\"#elementor-action%3Aaction%3Dlightbox%26settings%3DeyJpZCI6MTA2ODksInVybCI6Imh0dHBzOlwvXC9yb2xsb21heC5hdFwvd3AtY29udGVudFwvdXBsb2Fkc1wvMjAyNFwvMDZcL3BtbGlnaHRfZGV0YWlsX3NlbmtyZWNodGVyc29ubmVuc2NodXR6LmpwZyJ9\">\n\t\t\t\t\t\t\t<img decoding=\"async\" width=\"646\" height=\"508\" src=\"https:\/\/rollomax.at\/wp-content\/uploads\/2024\/06\/pmlight_detail_senkrechtersonnenschutz.jpg\" class=\"attachment-medium_large size-medium_large wp-image-10689\" alt=\"\" srcset=\"https:\/\/rollomax.at\/wp-content\/uploads\/2024\/06\/pmlight_detail_senkrechtersonnenschutz.jpg 646w, https:\/\/rollomax.at\/wp-content\/uploads\/2024\/06\/pmlight_detail_senkrechtersonnenschutz-300x236.jpg 300w, https:\/\/rollomax.at\/wp-content\/uploads\/2024\/06\/pmlight_detail_senkrechtersonnenschutz-15x12.jpg 15w\" sizes=\"(max-width: 646px) 100vw, 646px\" \/>\t\t\t\t\t\t\t\t<\/a>\n\t\t\t\t\t\t\t\t\t\t\t\t\t<\/div>\n\t\t\t\t<\/div>\n\t\t\t\t<div class=\"elementor-element elementor-element-4855359 elementor-align-left elementor-widget__width-initial elementor-widget elementor-widget-button\" data-id=\"4855359\" data-element_type=\"widget\" data-widget_type=\"button.default\">\n\t\t\t\t<div class=\"elementor-widget-container\">\n\t\t\t\t\t<div class=\"elementor-button-wrapper\">\n\t\t\t<a class=\"elementor-button elementor-button-link elementor-size-sm\" href=\"https:\/\/www.erhardt-markisen.de\/wp-content\/uploads\/dokumente\/erhardt_produktbroschuere_pmlight_210x297_05_2024_d_low.pdf\">\n\t\t\t\t\t\t<span class=\"elementor-button-content-wrapper\">\n\t\t\t\t\t\t\t\t\t<span class=\"elementor-button-text\">Prospekt (PDF)<\/span>\n\t\t\t\t\t<\/span>\n\t\t\t\t\t<\/a>\n\t\t<\/div>\n\t\t\t\t<\/div>\n\t\t\t\t<\/div>\n\t\t\t\t<\/div>\n\t\t<div class=\"elementor-element elementor-element-ce4d2c3 e-con-full e-flex e-con e-child\" data-id=\"ce4d2c3\" data-element_type=\"container\">\n\t\t\t\t<div class=\"elementor-element elementor-element-482c179 elementor-widget elementor-widget-text-editor\" data-id=\"482c179\" data-element_type=\"widget\" data-widget_type=\"text-editor.default\">\n\t\t\t\t<div class=\"elementor-widget-container\">\n\t\t\t\t\t\t\t<h6>PMlightPlus<\/h6>\n<ul>\n \t<li>Minimalbreite: 100 mit max. Ausfall 300 cm<\/li>\n \t<li>Maximalbreite: 500 mit max. Ausfall 450 cm<\/li>\n \t<li>mit ZIP Technologie\/li>\n<li>Tuchf\u00fchrung in den F\u00fchrungsschienen<\/li>\n<\/ul>\n\n\t\t\t\t\t\t<\/div>\n\t\t\t\t<\/div>\n\t\t\t\t<\/div>\n\t\t\t\t\t<\/div>\n\t\t\t\t<\/div>\n\t\t\t\t\t<\/div>\n\t\t\t\t<\/div>\n\t\t<div class=\"elementor-element elementor-element-072a12e e-flex e-con-boxed e-con e-parent\" data-id=\"072a12e\" data-element_type=\"container\" data-settings=\"{&quot;background_background&quot;:&quot;classic&quot;}\">\n\t\t\t\t\t<div class=\"e-con-inner\">\n\t\t<div class=\"elementor-element elementor-element-85d5226 e-con-full e-flex e-con e-child\" data-id=\"85d5226\" data-element_type=\"container\" data-settings=\"{&quot;background_background&quot;:&quot;classic&quot;}\">\n\t\t\t\t<div class=\"elementor-element elementor-element-459b558 elementor-widget elementor-widget-image\" data-id=\"459b558\" data-element_type=\"widget\" data-widget_type=\"image.default\">\n\t\t\t\t<div class=\"elementor-widget-container\">\n\t\t\t\t\t\t\t\t\t\t\t\t\t\t<a href=\"https:\/\/rollomax.at\/wp-content\/uploads\/2024\/06\/erhardt-c_usps_abendstimmung_21.jpg\" data-elementor-open-lightbox=\"yes\" data-elementor-lightbox-title=\"erhardt-c_usps_abendstimmung_21\" data-e-action-hash=\"#elementor-action%3Aaction%3Dlightbox%26settings%3DeyJpZCI6MTA2NTEsInVybCI6Imh0dHBzOlwvXC9yb2xsb21heC5hdFwvd3AtY29udGVudFwvdXBsb2Fkc1wvMjAyNFwvMDZcL2VyaGFyZHQtY191c3BzX2FiZW5kc3RpbW11bmdfMjEuanBnIn0%3D\">\n\t\t\t\t\t\t\t<img loading=\"lazy\" decoding=\"async\" width=\"305\" height=\"240\" src=\"https:\/\/rollomax.at\/wp-content\/uploads\/2024\/06\/erhardt-c_usps_abendstimmung_21.jpg\" class=\"attachment-large size-large wp-image-10651\" alt=\"\" srcset=\"https:\/\/rollomax.at\/wp-content\/uploads\/2024\/06\/erhardt-c_usps_abendstimmung_21.jpg 305w, https:\/\/rollomax.at\/wp-content\/uploads\/2024\/06\/erhardt-c_usps_abendstimmung_21-300x236.jpg 300w, https:\/\/rollomax.at\/wp-content\/uploads\/2024\/06\/erhardt-c_usps_abendstimmung_21-15x12.jpg 15w\" sizes=\"(max-width: 305px) 100vw, 305px\" \/>\t\t\t\t\t\t\t\t<\/a>\n\t\t\t\t\t\t\t\t\t\t\t\t\t<\/div>\n\t\t\t\t<\/div>\n\t\t\t\t<\/div>\n\t\t<div class=\"elementor-element elementor-element-cd3b7e1 e-con-full e-flex e-con e-child\" data-id=\"cd3b7e1\" data-element_type=\"container\" data-settings=\"{&quot;background_background&quot;:&quot;classic&quot;}\">\n\t\t\t\t<div class=\"elementor-element elementor-element-a4c495e elementor-widget-tablet__width-initial elementor-widget elementor-widget-text-editor\" data-id=\"a4c495e\" data-element_type=\"widget\" data-widget_type=\"text-editor.default\">\n\t\t\t\t<div class=\"elementor-widget-container\">\n\t\t\t\t\t\t\t<h5>OPTIONALES<br \/>ZUBEH\u00d6R<\/h5>\t\t\t\t\t\t<\/div>\n\t\t\t\t<\/div>\n\t\t\t\t<div class=\"elementor-element elementor-element-e5da353 elementor-widget elementor-widget-text-editor\" data-id=\"e5da353\" data-element_type=\"widget\" data-widget_type=\"text-editor.default\">\n\t\t\t\t<div class=\"elementor-widget-container\">\n\t\t\t\t\t\t\t<ul class=\"list-point\"><li>Funkmotor mit Fernbedienung<\/li><li>Windautomatik \/ Sonnenautomatik<\/li><li>Regensensor<\/li><li>Infrarot-Heizstrahler (inkl. Funkdimmer)<\/li><li>Pfette in der Front zur Aufnahme von Senkrechtmarkisen<\/li><\/ul>\t\t\t\t\t\t<\/div>\n\t\t\t\t<\/div>\n\t\t\t\t<\/div>\n\t\t\t\t\t<\/div>\n\t\t\t\t<\/div>\n\t\t\t\t<\/div>","protected":false},"excerpt":{"rendered":"<p>ERHARDT Markisenbau fertigt alle Produkte in Burtenbach (Bayern). Gr\u00f6\u00dftm\u00f6glicher Service und eine permanente Fertigungskontrolle garantieren hohe Qualit\u00e4t.<\/p>","protected":false},"featured_media":5540,"template":"","meta":[],"product_cat":[27],"product_tag":[219],"class_list":{"0":"post-10673","1":"product","2":"type-product","3":"status-publish","4":"has-post-thumbnail","6":"product_cat-markisen","7":"product_tag-markise_new","9":"first","10":"instock","11":"shipping-taxable","12":"purchasable","13":"product-type-simple"},"_links":{"self":[{"href":"https:\/\/rollomax.at\/de\/wp-json\/wp\/v2\/product\/10673","targetHints":{"allow":["GET"]}}],"collection":[{"href":"https:\/\/rollomax.at\/de\/wp-json\/wp\/v2\/product"}],"about":[{"href":"https:\/\/rollomax.at\/de\/wp-json\/wp\/v2\/types\/product"}],"version-history":[{"count":56,"href":"https:\/\/rollomax.at\/de\/wp-json\/wp\/v2\/product\/10673\/revisions"}],"predecessor-version":[{"id":10842,"href":"https:\/\/rollomax.at\/de\/wp-json\/wp\/v2\/product\/10673\/revisions\/10842"}],"wp:featuredmedia":[{"embeddable":true,"href":"https:\/\/rollomax.at\/de\/wp-json\/wp\/v2\/media\/5540"}],"wp:attachment":[{"href":"https:\/\/rollomax.at\/de\/wp-json\/wp\/v2\/media?parent=10673"}],"wp:term":[{"taxonomy":"product_cat","embeddable":true,"href":"https:\/\/rollomax.at\/de\/wp-json\/wp\/v2\/product_cat?post=10673"},{"taxonomy":"product_tag","embeddable":true,"href":"https:\/\/rollomax.at\/de\/wp-json\/wp\/v2\/product_tag?post=10673"}],"curies":[{"name":"wp","href":"https:\/\/api.w.org\/{rel}","templated":true}]}}