{"id":10623,"date":"2024-06-17T09:26:19","date_gmt":"2024-06-17T09:26:19","guid":{"rendered":"https:\/\/rollomax.at\/?post_type=product&#038;p=10623"},"modified":"2025-07-07T08:05:10","modified_gmt":"2025-07-07T08:05:10","slug":"kassettenmarkisen","status":"publish","type":"product","link":"https:\/\/rollomax.at\/de\/product\/kassettenmarkisen","title":{"rendered":"Kassettenmarkisen"},"content":{"rendered":"<div data-elementor-type=\"product-post\" data-elementor-id=\"10623\" class=\"elementor elementor-10623\" data-elementor-post-type=\"product\">\n\t\t\t\t<div class=\"elementor-element elementor-element-2a5330b e-flex e-con-boxed e-con e-parent\" data-id=\"2a5330b\" data-element_type=\"container\">\n\t\t\t\t\t<div class=\"e-con-inner\">\n\t\t<div class=\"elementor-element elementor-element-a9b34fb e-con-full e-flex e-con e-child\" data-id=\"a9b34fb\" data-element_type=\"container\">\n\t\t\t\t<div class=\"elementor-element elementor-element-dec740b elementor-widget elementor-widget-heading\" data-id=\"dec740b\" data-element_type=\"widget\" data-widget_type=\"heading.default\">\n\t\t\t\t<div class=\"elementor-widget-container\">\n\t\t\t<style>\/*! elementor - v3.22.0 - 26-06-2024 *\/\n.elementor-heading-title{padding:0;margin:0;line-height:1}.elementor-widget-heading .elementor-heading-title[class*=elementor-size-]>a{color:inherit;font-size:inherit;line-height:inherit}.elementor-widget-heading .elementor-heading-title.elementor-size-small{font-size:15px}.elementor-widget-heading .elementor-heading-title.elementor-size-medium{font-size:19px}.elementor-widget-heading .elementor-heading-title.elementor-size-large{font-size:29px}.elementor-widget-heading .elementor-heading-title.elementor-size-xl{font-size:39px}.elementor-widget-heading .elementor-heading-title.elementor-size-xxl{font-size:59px}<\/style><h2 class=\"elementor-heading-title elementor-size-default\">Markisen Bestseller<br\/>\nim eleganten<br\/> Design<\/h2>\t\t<\/div>\n\t\t\t\t<\/div>\n\t\t\t\t<\/div>\n\t\t<div class=\"elementor-element elementor-element-4db68a7 e-con-full e-flex e-con e-child\" data-id=\"4db68a7\" data-element_type=\"container\">\n\t\t\t\t<div class=\"elementor-element elementor-element-43214ba elementor-widget elementor-widget-text-editor\" data-id=\"43214ba\" data-element_type=\"widget\" data-widget_type=\"text-editor.default\">\n\t\t\t\t<div class=\"elementor-widget-container\">\n\t\t\t<style>\/*! elementor - v3.22.0 - 26-06-2024 *\/\n.elementor-widget-text-editor.elementor-drop-cap-view-stacked .elementor-drop-cap{background-color:#69727d;color:#fff}.elementor-widget-text-editor.elementor-drop-cap-view-framed .elementor-drop-cap{color:#69727d;border:3px solid;background-color:transparent}.elementor-widget-text-editor:not(.elementor-drop-cap-view-default) .elementor-drop-cap{margin-top:8px}.elementor-widget-text-editor:not(.elementor-drop-cap-view-default) .elementor-drop-cap-letter{width:1em;height:1em}.elementor-widget-text-editor .elementor-drop-cap{float:left;text-align:center;line-height:1;font-size:50px}.elementor-widget-text-editor .elementor-drop-cap-letter{display:inline-block}<\/style>\t\t\t\t<p>Die Kassettenmarkisen kombinieren optimalen Schutz f\u00fcr Terrasse und Balkon mit einem modernen, eleganten Design. Im geschlossenen Zustand sind Tuchrolle, Gelenkarme und die gesamte Technik der Markisen durch die Kassette gesch\u00fctzt und somit weder sichtbar noch Umwelteinfl\u00fcssen ausgesetzt. Dieser Schutz macht Kassettenmarkisen besonders robust und ideal f\u00fcr Bereiche, die h\u00e4ufig Regen und Verschmutzung ausgesetzt sind.<\/p>\t\t\t\t\t\t<\/div>\n\t\t\t\t<\/div>\n\t\t\t\t<\/div>\n\t\t\t\t\t<\/div>\n\t\t\t\t<\/div>\n\t\t<div class=\"elementor-element elementor-element-b76f01b e-flex e-con-boxed e-con e-parent\" data-id=\"b76f01b\" data-element_type=\"container\" data-settings=\"{&quot;background_background&quot;:&quot;classic&quot;}\">\n\t\t\t\t\t<div class=\"e-con-inner\">\n\t\t<div class=\"elementor-element elementor-element-433b45b e-con-full e-flex e-con e-child\" data-id=\"433b45b\" data-element_type=\"container\">\n\t\t\t\t<div class=\"elementor-element elementor-element-e7f56c2 elementor-widget elementor-widget-image\" data-id=\"e7f56c2\" data-element_type=\"widget\" data-widget_type=\"image.default\">\n\t\t\t\t<div class=\"elementor-widget-container\">\n\t\t\t<style>\/*! elementor - v3.22.0 - 26-06-2024 *\/\n.elementor-widget-image{text-align:center}.elementor-widget-image a{display:inline-block}.elementor-widget-image a img[src$=\".svg\"]{width:48px}.elementor-widget-image img{vertical-align:middle;display:inline-block}<\/style>\t\t\t\t\t\t\t\t\t\t\t<a href=\"https:\/\/rollomax.at\/wp-content\/uploads\/2024\/06\/erhardt-c_usps_montagemoeglichkeiten_21.jpg\" data-elementor-open-lightbox=\"yes\" data-elementor-lightbox-title=\"erhardt-c_usps_montagemoeglichkeiten_21\" data-e-action-hash=\"#elementor-action%3Aaction%3Dlightbox%26settings%3DeyJpZCI6MTA2MzUsInVybCI6Imh0dHBzOlwvXC9yb2xsb21heC5hdFwvd3AtY29udGVudFwvdXBsb2Fkc1wvMjAyNFwvMDZcL2VyaGFyZHQtY191c3BzX21vbnRhZ2Vtb2VnbGljaGtlaXRlbl8yMS5qcGcifQ%3D%3D\">\n\t\t\t\t\t\t\t<img fetchpriority=\"high\" decoding=\"async\" width=\"305\" height=\"240\" src=\"https:\/\/rollomax.at\/wp-content\/uploads\/2024\/06\/erhardt-c_usps_montagemoeglichkeiten_21.jpg\" class=\"attachment-large size-large wp-image-10635\" alt=\"\" srcset=\"https:\/\/rollomax.at\/wp-content\/uploads\/2024\/06\/erhardt-c_usps_montagemoeglichkeiten_21.jpg 305w, https:\/\/rollomax.at\/wp-content\/uploads\/2024\/06\/erhardt-c_usps_montagemoeglichkeiten_21-300x236.jpg 300w, https:\/\/rollomax.at\/wp-content\/uploads\/2024\/06\/erhardt-c_usps_montagemoeglichkeiten_21-15x12.jpg 15w\" sizes=\"(max-width: 305px) 100vw, 305px\" \/>\t\t\t\t\t\t\t\t<\/a>\n\t\t\t\t\t\t\t\t\t\t\t\t\t<\/div>\n\t\t\t\t<\/div>\n\t\t\t\t<\/div>\n\t\t<div class=\"elementor-element elementor-element-460ec5c e-con-full e-flex e-con e-child\" data-id=\"460ec5c\" data-element_type=\"container\" data-settings=\"{&quot;background_background&quot;:&quot;classic&quot;}\">\n\t\t\t\t<div class=\"elementor-element elementor-element-dce9317 elementor-widget-tablet__width-initial elementor-widget elementor-widget-text-editor\" data-id=\"dce9317\" data-element_type=\"widget\" data-widget_type=\"text-editor.default\">\n\t\t\t\t<div class=\"elementor-widget-container\">\n\t\t\t\t\t\t\t<h5>Eigenschaften<\/h5>\t\t\t\t\t\t<\/div>\n\t\t\t\t<\/div>\n\t\t\t\t<div class=\"elementor-element elementor-element-1d3bddf elementor-widget elementor-widget-text-editor\" data-id=\"1d3bddf\" data-element_type=\"widget\" data-widget_type=\"text-editor.default\">\n\t\t\t\t<div class=\"elementor-widget-container\">\n\t\t\t\t\t\t\t<ul class=\"list-point\">\n \t<li>Kassettenmarkisen f\u00fcr h\u00f6chste Anspr\u00fcche an die Witterungsbest\u00e4ndigkeit<\/li>\n<li>Tuchrolle, Technik und Gelenkarme liegen eingefahren rundum gesch\u00fctzt in der Kassette der Markise<\/li>\n<li>Ideale Markise f\u00fcr Balkon und Terrasse<\/li>\n<li> Dezente und edle Optik: Technik, Gelenkarme und Tuchrolle der Markise im geschlossenen Zustand nicht sichtbar<\/li>\n<li>Optional mit Volant und Regenschutzdach als Schutz<\/li>\n<\/ul>\t\t\t\t\t\t<\/div>\n\t\t\t\t<\/div>\n\t\t\t\t<\/div>\n\t\t\t\t\t<\/div>\n\t\t\t\t<\/div>\n\t\t<div class=\"elementor-element elementor-element-2282cc5 e-flex e-con-boxed e-con e-parent\" data-id=\"2282cc5\" data-element_type=\"container\">\n\t\t\t\t\t<div class=\"e-con-inner\">\n\t\t<div class=\"elementor-element elementor-element-6ea7b8b e-con-full e-flex e-con e-child\" data-id=\"6ea7b8b\" data-element_type=\"container\">\n\t\t\t\t<div class=\"elementor-element elementor-element-6245114 elementor-widget-tablet__width-initial elementor-widget elementor-widget-text-editor\" data-id=\"6245114\" data-element_type=\"widget\" data-widget_type=\"text-editor.default\">\n\t\t\t\t<div class=\"elementor-widget-container\">\n\t\t\t\t\t\t\t<h5>MODELLE<br \/>KASSETTENMARKISE<\/h5>\t\t\t\t\t\t<\/div>\n\t\t\t\t<\/div>\n\t\t\t\t<\/div>\n\t\t\t\t\t<\/div>\n\t\t\t\t<\/div>\n\t\t<div class=\"elementor-element elementor-element-f72a817 e-flex e-con-boxed e-con e-parent\" data-id=\"f72a817\" data-element_type=\"container\" data-settings=\"{&quot;background_background&quot;:&quot;classic&quot;}\">\n\t\t\t\t\t<div class=\"e-con-inner\">\n\t\t<div class=\"elementor-element elementor-element-a0cc697 e-con-full e-flex e-con e-child\" data-id=\"a0cc697\" data-element_type=\"container\" data-settings=\"{&quot;background_background&quot;:&quot;classic&quot;}\">\n\t\t\t\t<div class=\"elementor-element elementor-element-241c26e elementor-widget elementor-widget-image\" data-id=\"241c26e\" data-element_type=\"widget\" data-widget_type=\"image.default\">\n\t\t\t\t<div class=\"elementor-widget-container\">\n\t\t\t\t\t\t\t\t\t\t\t\t\t\t<a href=\"https:\/\/rollomax.at\/wp-content\/uploads\/2024\/04\/Produkte_Kategorie-c21-1.jpg\" data-elementor-open-lightbox=\"yes\" data-e-action-hash=\"#elementor-action%3Aaction%3Dlightbox%26settings%3DW10%3D\">\n\t\t\t\t\t\t\t<img decoding=\"async\" src=\"https:\/\/rollomax.at\/wp-content\/uploads\/2024\/04\/Produkte_Kategorie-c21-1.jpg\" title=\"\" alt=\"\" loading=\"lazy\" \/>\t\t\t\t\t\t\t\t<\/a>\n\t\t\t\t\t\t\t\t\t\t\t\t\t<\/div>\n\t\t\t\t<\/div>\n\t\t\t\t<div class=\"elementor-element elementor-element-756e9a2 elementor-align-left elementor-widget__width-initial elementor-widget elementor-widget-button\" data-id=\"756e9a2\" data-element_type=\"widget\" data-widget_type=\"button.default\">\n\t\t\t\t<div class=\"elementor-widget-container\">\n\t\t\t\t\t<div class=\"elementor-button-wrapper\">\n\t\t\t<a class=\"elementor-button elementor-button-link elementor-size-sm\" href=\"https:\/\/www.erhardt-markisen.de\/wp-content\/uploads\/dokumente\/erhardt-kassettenmarkisen-072024.pdf\">\n\t\t\t\t\t\t<span class=\"elementor-button-content-wrapper\">\n\t\t\t\t\t\t\t\t\t<span class=\"elementor-button-text\">Prospekt (PDF)<\/span>\n\t\t\t\t\t<\/span>\n\t\t\t\t\t<\/a>\n\t\t<\/div>\n\t\t\t\t<\/div>\n\t\t\t\t<\/div>\n\t\t\t\t<div class=\"elementor-element elementor-element-5253e9a elementor-widget elementor-widget-text-editor\" data-id=\"5253e9a\" data-element_type=\"widget\" data-widget_type=\"text-editor.default\">\n\t\t\t\t<div class=\"elementor-widget-container\">\n\t\t\t\t\t\t\t<h6>ERHARDT C<\/h6>\n<ul>\n \t<li>Maximalma\u00dfe: 650 x 350 cm (Breite x Ausfall)<\/li>\n<li>integrierte Regenrinne<\/li>\n<\/ul>\t\t\t\t\t\t<\/div>\n\t\t\t\t<\/div>\n\t\t\t\t<\/div>\n\t\t<div class=\"elementor-element elementor-element-0d95be1 e-con-full e-flex e-con e-child\" data-id=\"0d95be1\" data-element_type=\"container\" data-settings=\"{&quot;background_background&quot;:&quot;classic&quot;}\">\n\t\t\t\t<div class=\"elementor-element elementor-element-0b0f77d elementor-widget elementor-widget-image\" data-id=\"0b0f77d\" data-element_type=\"widget\" data-widget_type=\"image.default\">\n\t\t\t\t<div class=\"elementor-widget-container\">\n\t\t\t\t\t\t\t\t\t\t\t\t\t\t<a href=\"https:\/\/www.erhardt-markisen.de\/wp-content\/uploads\/produkte_kategorie-kd-geschlossen.jpg\" data-elementor-open-lightbox=\"yes\" data-e-action-hash=\"#elementor-action%3Aaction%3Dlightbox%26settings%3DW10%3D\">\n\t\t\t\t\t\t\t<img decoding=\"async\" src=\"https:\/\/www.erhardt-markisen.de\/wp-content\/uploads\/produkte_kategorie-kd-geschlossen.jpg\" title=\"\" alt=\"\" loading=\"lazy\" \/>\t\t\t\t\t\t\t\t<\/a>\n\t\t\t\t\t\t\t\t\t\t\t\t\t<\/div>\n\t\t\t\t<\/div>\n\t\t\t\t<div class=\"elementor-element elementor-element-25fdca3 elementor-align-left elementor-widget__width-initial elementor-widget elementor-widget-button\" data-id=\"25fdca3\" data-element_type=\"widget\" data-widget_type=\"button.default\">\n\t\t\t\t<div class=\"elementor-widget-container\">\n\t\t\t\t\t<div class=\"elementor-button-wrapper\">\n\t\t\t<a class=\"elementor-button elementor-button-link elementor-size-sm\" href=\"https:\/\/www.erhardt-markisen.de\/wp-content\/uploads\/dokumente\/erhardt-kassettenmarkisen-072024.pdf\">\n\t\t\t\t\t\t<span class=\"elementor-button-content-wrapper\">\n\t\t\t\t\t\t\t\t\t<span class=\"elementor-button-text\">Prospekt (PDF)<\/span>\n\t\t\t\t\t<\/span>\n\t\t\t\t\t<\/a>\n\t\t<\/div>\n\t\t\t\t<\/div>\n\t\t\t\t<\/div>\n\t\t\t\t<div class=\"elementor-element elementor-element-78bf1e6 elementor-widget elementor-widget-text-editor\" data-id=\"78bf1e6\" data-element_type=\"widget\" data-widget_type=\"text-editor.default\">\n\t\t\t\t<div class=\"elementor-widget-container\">\n\t\t\t\t\t\t\t<h6>ERHARDT KD<\/h6>\n<ul>\n \t<li>Maximalma\u00dfe: 700 x 400 cm (Breite x Ausfall)\n<\/li><li>mit Variovolant erh\u00e4ltlich\n<\/li><li>mit Variovolant-Ma\u00dfe: 650 x 325 cm (Breite x Ausfall)\n<\/li><li>optional mit integrierter LED-Beleuchtung<\/li>\n<\/ul>\t\t\t\t\t\t<\/div>\n\t\t\t\t<\/div>\n\t\t\t\t<\/div>\n\t\t<div class=\"elementor-element elementor-element-c732f33 e-con-full e-flex e-con e-child\" data-id=\"c732f33\" data-element_type=\"container\" data-settings=\"{&quot;background_background&quot;:&quot;classic&quot;}\">\n\t\t\t\t<div class=\"elementor-element elementor-element-44cf363 elementor-widget elementor-widget-image\" data-id=\"44cf363\" data-element_type=\"widget\" data-widget_type=\"image.default\">\n\t\t\t\t<div class=\"elementor-widget-container\">\n\t\t\t\t\t\t\t\t\t\t\t\t\t\t<a href=\"https:\/\/www.erhardt-markisen.de\/wp-content\/uploads\/produkte_kategorie-sd-1.jpg\" data-elementor-open-lightbox=\"yes\" data-e-action-hash=\"#elementor-action%3Aaction%3Dlightbox%26settings%3DW10%3D\">\n\t\t\t\t\t\t\t<img decoding=\"async\" src=\"https:\/\/www.erhardt-markisen.de\/wp-content\/uploads\/produkte_kategorie-sd-1.jpg\" title=\"\" alt=\"\" loading=\"lazy\" \/>\t\t\t\t\t\t\t\t<\/a>\n\t\t\t\t\t\t\t\t\t\t\t\t\t<\/div>\n\t\t\t\t<\/div>\n\t\t\t\t<div class=\"elementor-element elementor-element-9af9902 elementor-align-left elementor-widget__width-initial elementor-widget elementor-widget-button\" data-id=\"9af9902\" data-element_type=\"widget\" data-widget_type=\"button.default\">\n\t\t\t\t<div class=\"elementor-widget-container\">\n\t\t\t\t\t<div class=\"elementor-button-wrapper\">\n\t\t\t<a class=\"elementor-button elementor-button-link elementor-size-sm\" href=\"https:\/\/www.erhardt-markisen.de\/wp-content\/uploads\/dokumente\/erhardt-kassettenmarkisen-072024.pdf\">\n\t\t\t\t\t\t<span class=\"elementor-button-content-wrapper\">\n\t\t\t\t\t\t\t\t\t<span class=\"elementor-button-text\">Prospekt (PDF)<\/span>\n\t\t\t\t\t<\/span>\n\t\t\t\t\t<\/a>\n\t\t<\/div>\n\t\t\t\t<\/div>\n\t\t\t\t<\/div>\n\t\t\t\t<div class=\"elementor-element elementor-element-81e5c49 elementor-widget elementor-widget-text-editor\" data-id=\"81e5c49\" data-element_type=\"widget\" data-widget_type=\"text-editor.default\">\n\t\t\t\t<div class=\"elementor-widget-container\">\n\t\t\t\t\t\t\t<h6>ERHARDT SD<\/h6>\n<ul>\n<li> Maximalma\u00dfe: 700 x 400 cm (Breite x Ausfall)<\/li>\n<li>nur 15 cm Kassettenh\u00f6he<\/li>\n<li> Variovolant-Ma\u00dfe: 650 x 325 cm (Breite x Ausfall)<\/li>\n<li> mit Variovolant erh\u00e4ltlich<\/li>\n<\/ul>\t\t\t\t\t\t<\/div>\n\t\t\t\t<\/div>\n\t\t\t\t<\/div>\n\t\t\t\t\t<\/div>\n\t\t\t\t<\/div>\n\t\t<div class=\"elementor-element elementor-element-9b44fdb e-flex e-con-boxed e-con e-parent\" data-id=\"9b44fdb\" data-element_type=\"container\" data-settings=\"{&quot;background_background&quot;:&quot;classic&quot;}\">\n\t\t\t\t\t<div class=\"e-con-inner\">\n\t\t<div class=\"elementor-element elementor-element-30a388e e-con-full e-flex e-con e-child\" data-id=\"30a388e\" data-element_type=\"container\" data-settings=\"{&quot;background_background&quot;:&quot;classic&quot;}\">\n\t\t\t\t<div class=\"elementor-element elementor-element-13a0237 elementor-widget elementor-widget-image\" data-id=\"13a0237\" data-element_type=\"widget\" data-widget_type=\"image.default\">\n\t\t\t\t<div class=\"elementor-widget-container\">\n\t\t\t\t\t\t\t\t\t\t\t\t\t\t<a href=\"https:\/\/www.erhardt-markisen.de\/wp-content\/uploads\/produkte_kategorie-j-geschlossen.jpg\" data-elementor-open-lightbox=\"yes\" data-e-action-hash=\"#elementor-action%3Aaction%3Dlightbox%26settings%3DW10%3D\">\n\t\t\t\t\t\t\t<img decoding=\"async\" src=\"https:\/\/www.erhardt-markisen.de\/wp-content\/uploads\/produkte_kategorie-j-geschlossen.jpg\" title=\"\" alt=\"\" loading=\"lazy\" \/>\t\t\t\t\t\t\t\t<\/a>\n\t\t\t\t\t\t\t\t\t\t\t\t\t<\/div>\n\t\t\t\t<\/div>\n\t\t\t\t<div class=\"elementor-element elementor-element-292a405 elementor-align-left elementor-widget__width-initial elementor-widget elementor-widget-button\" data-id=\"292a405\" data-element_type=\"widget\" data-widget_type=\"button.default\">\n\t\t\t\t<div class=\"elementor-widget-container\">\n\t\t\t\t\t<div class=\"elementor-button-wrapper\">\n\t\t\t<a class=\"elementor-button elementor-button-link elementor-size-sm\" href=\"https:\/\/www.erhardt-markisen.de\/wp-content\/uploads\/dokumente\/erhardt-kassettenmarkisen-072024.pdf\">\n\t\t\t\t\t\t<span class=\"elementor-button-content-wrapper\">\n\t\t\t\t\t\t\t\t\t<span class=\"elementor-button-text\">Prospekt (PDF)<\/span>\n\t\t\t\t\t<\/span>\n\t\t\t\t\t<\/a>\n\t\t<\/div>\n\t\t\t\t<\/div>\n\t\t\t\t<\/div>\n\t\t\t\t<div class=\"elementor-element elementor-element-155c026 elementor-widget elementor-widget-text-editor\" data-id=\"155c026\" data-element_type=\"widget\" data-widget_type=\"text-editor.default\">\n\t\t\t\t<div class=\"elementor-widget-container\">\n\t\t\t\t\t\t\t<h6>ERHARDT J<\/h6>\n<ul>\n<li>Maximalma\u00dfe: 500 x 325 cm (Breite x Ausfall)<\/li>\n<li>serienm\u00e4\u00dfig mit Motor<\/li>\n<li>integrierte Regenrinne<\/li>\n<\/ul>\t\t\t\t\t\t<\/div>\n\t\t\t\t<\/div>\n\t\t\t\t<\/div>\n\t\t<div class=\"elementor-element elementor-element-c1e1ac9 e-con-full e-flex e-con e-child\" data-id=\"c1e1ac9\" data-element_type=\"container\" data-settings=\"{&quot;background_background&quot;:&quot;classic&quot;}\">\n\t\t\t\t<div class=\"elementor-element elementor-element-2fb404a elementor-widget elementor-widget-image\" data-id=\"2fb404a\" data-element_type=\"widget\" data-widget_type=\"image.default\">\n\t\t\t\t<div class=\"elementor-widget-container\">\n\t\t\t\t\t\t\t\t\t\t\t\t\t\t<a href=\"https:\/\/www.erhardt-markisen.de\/wp-content\/uploads\/produkte_kategorie-k.jpg\" data-elementor-open-lightbox=\"yes\" data-e-action-hash=\"#elementor-action%3Aaction%3Dlightbox%26settings%3DW10%3D\">\n\t\t\t\t\t\t\t<img decoding=\"async\" src=\"https:\/\/www.erhardt-markisen.de\/wp-content\/uploads\/produkte_kategorie-k.jpg\" title=\"\" alt=\"\" loading=\"lazy\" \/>\t\t\t\t\t\t\t\t<\/a>\n\t\t\t\t\t\t\t\t\t\t\t\t\t<\/div>\n\t\t\t\t<\/div>\n\t\t\t\t<div class=\"elementor-element elementor-element-0fa7abb elementor-align-left elementor-widget__width-initial elementor-widget elementor-widget-button\" data-id=\"0fa7abb\" data-element_type=\"widget\" data-widget_type=\"button.default\">\n\t\t\t\t<div class=\"elementor-widget-container\">\n\t\t\t\t\t<div class=\"elementor-button-wrapper\">\n\t\t\t<a class=\"elementor-button elementor-button-link elementor-size-sm\" href=\"https:\/\/www.erhardt-markisen.de\/wp-content\/uploads\/dokumente\/erhardt-kassettenmarkisen-072024.pdf\">\n\t\t\t\t\t\t<span class=\"elementor-button-content-wrapper\">\n\t\t\t\t\t\t\t\t\t<span class=\"elementor-button-text\">Prospekt (PDF)<\/span>\n\t\t\t\t\t<\/span>\n\t\t\t\t\t<\/a>\n\t\t<\/div>\n\t\t\t\t<\/div>\n\t\t\t\t<\/div>\n\t\t\t\t<div class=\"elementor-element elementor-element-43758e7 elementor-widget elementor-widget-text-editor\" data-id=\"43758e7\" data-element_type=\"widget\" data-widget_type=\"text-editor.default\">\n\t\t\t\t<div class=\"elementor-widget-container\">\n\t\t\t\t\t\t\t<h6>ERHARDT K<\/h6>\n<ul>\n<li> Maximalma\u00dfe: 550 x 300 cm (Breite x Ausfall)<\/li>\n<li>serienm\u00e4\u00dfig mit Motor<\/li>\n<li>optional mit integrierter LED-Beleuchtung<\/li>\n<\/ul>\t\t\t\t\t\t<\/div>\n\t\t\t\t<\/div>\n\t\t\t\t<\/div>\n\t\t\t\t\t<\/div>\n\t\t\t\t<\/div>\n\t\t<div class=\"elementor-element elementor-element-50c30cf e-flex e-con-boxed e-con e-parent\" data-id=\"50c30cf\" data-element_type=\"container\" data-settings=\"{&quot;background_background&quot;:&quot;classic&quot;}\">\n\t\t\t\t\t<div class=\"e-con-inner\">\n\t\t<div class=\"elementor-element elementor-element-68ef9aa e-con-full e-flex e-con e-child\" data-id=\"68ef9aa\" data-element_type=\"container\">\n\t\t\t\t<div class=\"elementor-element elementor-element-ef992da elementor-widget elementor-widget-image\" data-id=\"ef992da\" data-element_type=\"widget\" data-widget_type=\"image.default\">\n\t\t\t\t<div class=\"elementor-widget-container\">\n\t\t\t\t\t\t\t\t\t\t\t\t\t\t<a href=\"https:\/\/rollomax.at\/wp-content\/uploads\/2024\/06\/erhardt-c_usps_abendstimmung_21.jpg\" data-elementor-open-lightbox=\"yes\" data-elementor-lightbox-title=\"erhardt-c_usps_abendstimmung_21\" data-e-action-hash=\"#elementor-action%3Aaction%3Dlightbox%26settings%3DeyJpZCI6MTA2NTEsInVybCI6Imh0dHBzOlwvXC9yb2xsb21heC5hdFwvd3AtY29udGVudFwvdXBsb2Fkc1wvMjAyNFwvMDZcL2VyaGFyZHQtY191c3BzX2FiZW5kc3RpbW11bmdfMjEuanBnIn0%3D\">\n\t\t\t\t\t\t\t<img decoding=\"async\" width=\"305\" height=\"240\" src=\"https:\/\/rollomax.at\/wp-content\/uploads\/2024\/06\/erhardt-c_usps_abendstimmung_21.jpg\" class=\"attachment-large size-large wp-image-10651\" alt=\"\" srcset=\"https:\/\/rollomax.at\/wp-content\/uploads\/2024\/06\/erhardt-c_usps_abendstimmung_21.jpg 305w, https:\/\/rollomax.at\/wp-content\/uploads\/2024\/06\/erhardt-c_usps_abendstimmung_21-300x236.jpg 300w, https:\/\/rollomax.at\/wp-content\/uploads\/2024\/06\/erhardt-c_usps_abendstimmung_21-15x12.jpg 15w\" sizes=\"(max-width: 305px) 100vw, 305px\" \/>\t\t\t\t\t\t\t\t<\/a>\n\t\t\t\t\t\t\t\t\t\t\t\t\t<\/div>\n\t\t\t\t<\/div>\n\t\t\t\t<\/div>\n\t\t<div class=\"elementor-element elementor-element-8952381 e-con-full e-flex e-con e-child\" data-id=\"8952381\" data-element_type=\"container\" data-settings=\"{&quot;background_background&quot;:&quot;classic&quot;}\">\n\t\t\t\t<div class=\"elementor-element elementor-element-3cf45d2 elementor-widget-tablet__width-initial elementor-widget elementor-widget-text-editor\" data-id=\"3cf45d2\" data-element_type=\"widget\" data-widget_type=\"text-editor.default\">\n\t\t\t\t<div class=\"elementor-widget-container\">\n\t\t\t\t\t\t\t<h5>ZUBEH\u00d6R<\/h5>\t\t\t\t\t\t<\/div>\n\t\t\t\t<\/div>\n\t\t\t\t<div class=\"elementor-element elementor-element-4a6060e elementor-widget elementor-widget-text-editor\" data-id=\"4a6060e\" data-element_type=\"widget\" data-widget_type=\"text-editor.default\">\n\t\t\t\t<div class=\"elementor-widget-container\">\n\t\t\t\t\t\t\t\n<ul class=\"list-point\">\n \t<li>Funkmotor mit Fernbedienung<\/li>\n \t<li>Windautomatik \/ Sonnenautomatik<\/li>\n \t<li>Regensensor<\/li>\n \t<li>Markisentuch mit Schwei\u00dfklebetechnik (bei WG Standard)<\/li>\n<\/ul>\n<\/li>\n<\/ul>\t\t\t\t\t\t<\/div>\n\t\t\t\t<\/div>\n\t\t\t\t<\/div>\n\t\t\t\t\t<\/div>\n\t\t\t\t<\/div>\n\t\t\t\t<\/div>","protected":false},"excerpt":{"rendered":"<p>ERHARDT Markisenbau fertigt alle Produkte in Burtenbach (Bayern). Gr\u00f6\u00dftm\u00f6glicher Service und eine permanente Fertigungskontrolle garantieren hohe Qualit\u00e4t.<\/p>","protected":false},"featured_media":5727,"template":"","meta":[],"product_cat":[27],"product_tag":[219],"class_list":{"0":"post-10623","1":"product","2":"type-product","3":"status-publish","4":"has-post-thumbnail","6":"product_cat-markisen","7":"product_tag-markise_new","9":"first","10":"instock","11":"shipping-taxable","12":"purchasable","13":"product-type-simple"},"_links":{"self":[{"href":"https:\/\/rollomax.at\/de\/wp-json\/wp\/v2\/product\/10623","targetHints":{"allow":["GET"]}}],"collection":[{"href":"https:\/\/rollomax.at\/de\/wp-json\/wp\/v2\/product"}],"about":[{"href":"https:\/\/rollomax.at\/de\/wp-json\/wp\/v2\/types\/product"}],"version-history":[{"count":69,"href":"https:\/\/rollomax.at\/de\/wp-json\/wp\/v2\/product\/10623\/revisions"}],"predecessor-version":[{"id":13126,"href":"https:\/\/rollomax.at\/de\/wp-json\/wp\/v2\/product\/10623\/revisions\/13126"}],"wp:featuredmedia":[{"embeddable":true,"href":"https:\/\/rollomax.at\/de\/wp-json\/wp\/v2\/media\/5727"}],"wp:attachment":[{"href":"https:\/\/rollomax.at\/de\/wp-json\/wp\/v2\/media?parent=10623"}],"wp:term":[{"taxonomy":"product_cat","embeddable":true,"href":"https:\/\/rollomax.at\/de\/wp-json\/wp\/v2\/product_cat?post=10623"},{"taxonomy":"product_tag","embeddable":true,"href":"https:\/\/rollomax.at\/de\/wp-json\/wp\/v2\/product_tag?post=10623"}],"curies":[{"name":"wp","href":"https:\/\/api.w.org\/{rel}","templated":true}]}}