{"id":8268,"date":"2024-06-10T06:01:32","date_gmt":"2024-06-10T06:01:32","guid":{"rendered":"https:\/\/wp.rollomax.at\/?page_id=8268"},"modified":"2025-03-16T14:23:31","modified_gmt":"2025-03-16T14:23:31","slug":"ueber-uns","status":"publish","type":"page","link":"https:\/\/rollomax.at\/de\/ueber-uns","title":{"rendered":"\u00dcber uns"},"content":{"rendered":"<div data-elementor-type=\"wp-page\" data-elementor-id=\"8268\" class=\"elementor elementor-8268\" data-elementor-post-type=\"page\">\n\t\t\t\t<div class=\"elementor-element elementor-element-cb4cbc0 e-con-full e-flex e-con e-parent\" data-id=\"cb4cbc0\" data-element_type=\"container\" data-settings=\"{&quot;background_background&quot;:&quot;classic&quot;}\">\n\t\t<div class=\"elementor-element elementor-element-508b5c3 e-flex e-con-boxed e-con e-child\" data-id=\"508b5c3\" data-element_type=\"container\">\n\t\t\t\t\t<div class=\"e-con-inner\">\n\t\t\t\t<div class=\"elementor-element elementor-element-d14da69 elementor-widget__width-initial elementor-widget elementor-widget-heading\" data-id=\"d14da69\" data-element_type=\"widget\" data-widget_type=\"heading.default\">\n\t\t\t\t<div class=\"elementor-widget-container\">\n\t\t\t<style>\/*! elementor - v3.22.0 - 26-06-2024 *\/\n.elementor-heading-title{padding:0;margin:0;line-height:1}.elementor-widget-heading .elementor-heading-title[class*=elementor-size-]>a{color:inherit;font-size:inherit;line-height:inherit}.elementor-widget-heading .elementor-heading-title.elementor-size-small{font-size:15px}.elementor-widget-heading .elementor-heading-title.elementor-size-medium{font-size:19px}.elementor-widget-heading .elementor-heading-title.elementor-size-large{font-size:29px}.elementor-widget-heading .elementor-heading-title.elementor-size-xl{font-size:39px}.elementor-widget-heading .elementor-heading-title.elementor-size-xxl{font-size:59px}<\/style><h3 class=\"elementor-heading-title elementor-size-default\">\u00dcber uns<\/h3>\t\t<\/div>\n\t\t\t\t<\/div>\n\t\t\t\t<div class=\"elementor-element elementor-element-e88c10d elementor-widget__width-initial elementor-widget elementor-widget-text-editor\" data-id=\"e88c10d\" data-element_type=\"widget\" data-widget_type=\"text-editor.default\">\n\t\t\t\t<div class=\"elementor-widget-container\">\n\t\t\t<style>\/*! elementor - v3.22.0 - 26-06-2024 *\/\n.elementor-widget-text-editor.elementor-drop-cap-view-stacked .elementor-drop-cap{background-color:#69727d;color:#fff}.elementor-widget-text-editor.elementor-drop-cap-view-framed .elementor-drop-cap{color:#69727d;border:3px solid;background-color:transparent}.elementor-widget-text-editor:not(.elementor-drop-cap-view-default) .elementor-drop-cap{margin-top:8px}.elementor-widget-text-editor:not(.elementor-drop-cap-view-default) .elementor-drop-cap-letter{width:1em;height:1em}.elementor-widget-text-editor .elementor-drop-cap{float:left;text-align:center;line-height:1;font-size:50px}.elementor-widget-text-editor .elementor-drop-cap-letter{display:inline-block}<\/style>\t\t\t\t<p>Wir sind auf die Organisation und L\u00f6sung komplexer Fertigungsprozesse in den Bereichen Sonnenschutz wie Jalousien, Rollos, Rolll\u00e4den, Raffstores, Garagentor etc. geschult und f\u00fcr diese ausgestattet.<\/p><p>Sehr kurze Innovationszyklen und laufende Optimierung der Produkte und Prozesse erm\u00f6glichen es hochqualitative Produkte mit zeitgen\u00f6ssischem Design sowie technisch zuverl\u00e4ssig und von h\u00f6chster Qualit\u00e4t herzustellen \u2013 und das alles zu erschwinglichen Preisen.<\/p><p>Wir f\u00fchren umfassende Beratungsgespr\u00e4che und nehmen uns Zeit f\u00fcr Sie und Ihre ganz individuellen W\u00fcnsche. Wir zeigen Ihnen neue M\u00f6glichkeiten auf und freuen uns, wenn Sie etwas Passendes bei uns finden.<\/p>\t\t\t\t\t\t<\/div>\n\t\t\t\t<\/div>\n\t\t\t\t\t<\/div>\n\t\t\t\t<\/div>\n\t\t\t\t<\/div>\n\t\t<div class=\"elementor-element elementor-element-757e09a e-con-full e-flex e-con e-parent\" data-id=\"757e09a\" data-element_type=\"container\" data-settings=\"{&quot;background_background&quot;:&quot;classic&quot;}\">\n\t\t<div class=\"elementor-element elementor-element-62a7f6f e-flex e-con-boxed e-con e-child\" data-id=\"62a7f6f\" data-element_type=\"container\">\n\t\t\t\t\t<div class=\"e-con-inner\">\n\t\t\t\t<div class=\"elementor-element elementor-element-8c470a8 elementor-widget__width-initial elementor-widget elementor-widget-heading\" data-id=\"8c470a8\" data-element_type=\"widget\" data-widget_type=\"heading.default\">\n\t\t\t\t<div class=\"elementor-widget-container\">\n\t\t\t<h3 class=\"elementor-heading-title elementor-size-default\">Qualit\u00e4t\n<\/h3>\t\t<\/div>\n\t\t\t\t<\/div>\n\t\t\t\t<div class=\"elementor-element elementor-element-064630f elementor-widget__width-initial elementor-widget elementor-widget-text-editor\" data-id=\"064630f\" data-element_type=\"widget\" data-widget_type=\"text-editor.default\">\n\t\t\t\t<div class=\"elementor-widget-container\">\n\t\t\t\t\t\t\t<div><h3>Machen Sie sich mit unseren gr\u00f6ssten Vorteilen vertraut<\/h3><p><strong>Ausgezeichnetes Verh\u00e4ltnis zwischen Preis und Qualit\u00e4t<\/strong><br \/>Auf dem Markt sind wir nach dem besten Verh\u00e4ltnis zwischen Qualit\u00e4t und Preis bekannt. F\u00fcr Ihr Geld bekommen Sie bei Rollomax mehr!<\/p><\/div><div class=\"n\"><div id=\"textWithImage-5790841034\" class=\"clearover\"><p><strong>Breites Angebot<\/strong><br \/>Wir bieten Ihnen eine au\u00dferordentlich breite Produktpalette (Fenster, T\u00fcre, Sonnenschutz) \u2013 alles auf einem Platz.<\/p><\/div><\/div><div class=\"n\"><div id=\"textWithImage-5790841040\" class=\"clearover\"><p><strong>Professionalit\u00e4t<\/strong><br \/>Haben Sie schlechte Erfahrungen mit den Fenster- und Sonnenschutzherstellern? In Zusammenarbeit mit uns k\u00f6nnen Sie auf unzuverl\u00e4ssige Meister, Nichteinhaltung von Fristen o.\u00e4. verzichten. Wir sichern Ihnen professionell erledigte Arbeit ohne unn\u00f6tige Sorgen und zus\u00e4tzliche Kosten!<\/p><\/div><\/div><div class=\"n\"><div id=\"textWithImage-5790841049\" class=\"clearover\"><p><strong>Kurze Lieferfristen<\/strong><br \/>Unsere Kunden kennen uns als einen zuverl\u00e4ssigen Partner, denn wir gew\u00e4hrleisten kurze Lieferfristen, die wir auch einhalten.<\/p><\/div><\/div><div class=\"n\"><div id=\"textWithImage-5790841061\" class=\"clearover\"><p><strong>Unterst\u00fctzung f\u00fcr unsere Kunden<\/strong><br \/>Nachdem Sie unsere Sonnenschutzprodukte gekauft haben bleiben Sie keinesfalls allein. Wir bieten Ihnen eine ausgezeichnete Unterst\u00fctzung, einen st\u00e4ndigen Kundendienst und stehen Ihnen selbstverst\u00e4ndlich jederzeit f\u00fcr etwaige Fragen zur Verf\u00fcgung.<\/p><\/div><\/div><div class=\"n\"><div id=\"textWithImage-5790841067\" class=\"clearover\"><p><strong>Flexibilit\u00e4t<\/strong><br \/>Wir sind au\u00dferordentlich flexibel und passen uns schnell den Bed\u00fcrfnissen auf dem Markt an. Unsere Kunden kennen uns als einen zuverl\u00e4ssigen und vertrauenswerten Partner, denn bei uns stehen die W\u00fcnsche der Kunden an oberster Stelle.<\/p><\/div><\/div>\t\t\t\t\t\t<\/div>\n\t\t\t\t<\/div>\n\t\t\t\t\t<\/div>\n\t\t\t\t<\/div>\n\t\t\t\t<\/div>\n\t\t\t\t<\/div>","protected":false},"excerpt":{"rendered":"<p>\u00dcber uns Wir sind auf die Organisation und L\u00f6sung komplexer Fertigungsprozesse in den Bereichen Sonnenschutz wie Jalousien, Rollos, Rolll\u00e4den, Raffstores, Garagentor etc. geschult und f\u00fcr diese ausgestattet. Sehr kurze Innovationszyklen und laufende Optimierung der Produkte und Prozesse erm\u00f6glichen es hochqualitative Produkte mit zeitgen\u00f6ssischem Design sowie technisch zuverl\u00e4ssig und von h\u00f6chster Qualit\u00e4t herzustellen \u2013 und das [&hellip;]<\/p>","protected":false},"author":2,"featured_media":0,"parent":0,"menu_order":0,"comment_status":"closed","ping_status":"closed","template":"","meta":{"footnotes":""},"class_list":["post-8268","page","type-page","status-publish","hentry"],"_links":{"self":[{"href":"https:\/\/rollomax.at\/de\/wp-json\/wp\/v2\/pages\/8268","targetHints":{"allow":["GET"]}}],"collection":[{"href":"https:\/\/rollomax.at\/de\/wp-json\/wp\/v2\/pages"}],"about":[{"href":"https:\/\/rollomax.at\/de\/wp-json\/wp\/v2\/types\/page"}],"author":[{"embeddable":true,"href":"https:\/\/rollomax.at\/de\/wp-json\/wp\/v2\/users\/2"}],"replies":[{"embeddable":true,"href":"https:\/\/rollomax.at\/de\/wp-json\/wp\/v2\/comments?post=8268"}],"version-history":[{"count":5,"href":"https:\/\/rollomax.at\/de\/wp-json\/wp\/v2\/pages\/8268\/revisions"}],"predecessor-version":[{"id":12690,"href":"https:\/\/rollomax.at\/de\/wp-json\/wp\/v2\/pages\/8268\/revisions\/12690"}],"wp:attachment":[{"href":"https:\/\/rollomax.at\/de\/wp-json\/wp\/v2\/media?parent=8268"}],"curies":[{"name":"wp","href":"https:\/\/api.w.org\/{rel}","templated":true}]}}