{"id":14217,"date":"2026-01-10T10:36:41","date_gmt":"2026-01-10T10:36:41","guid":{"rendered":"https:\/\/rollomax.at\/?page_id=14217"},"modified":"2026-01-10T14:45:08","modified_gmt":"2026-01-10T14:45:08","slug":"wintergartenmarkisen","status":"publish","type":"page","link":"https:\/\/rollomax.at\/de\/wintergartenmarkisen","title":{"rendered":"Wintergartenmarkisen"},"content":{"rendered":"<div data-elementor-type=\"wp-page\" data-elementor-id=\"14217\" class=\"elementor elementor-14217\" data-elementor-post-type=\"page\">\n\t\t\t\t<div class=\"elementor-element elementor-element-4e409ade e-con-full e-flex e-con e-parent\" data-id=\"4e409ade\" data-element_type=\"container\">\n\t\t<div class=\"elementor-element elementor-element-d0b803a e-con-full e-flex e-con e-child\" data-id=\"d0b803a\" data-element_type=\"container\">\n\t\t\t\t<div class=\"elementor-element elementor-element-15ff66bc elementor-widget elementor-widget-spacer\" data-id=\"15ff66bc\" data-element_type=\"widget\" data-widget_type=\"spacer.default\">\n\t\t\t\t<div class=\"elementor-widget-container\">\n\t\t\t<style>\/*! elementor - v3.22.0 - 26-06-2024 *\/\n.elementor-column .elementor-spacer-inner{height:var(--spacer-size)}.e-con{--container-widget-width:100%}.e-con-inner>.elementor-widget-spacer,.e-con>.elementor-widget-spacer{width:var(--container-widget-width,var(--spacer-size));--align-self:var(--container-widget-align-self,initial);--flex-shrink:0}.e-con-inner>.elementor-widget-spacer>.elementor-widget-container,.e-con>.elementor-widget-spacer>.elementor-widget-container{height:100%;width:100%}.e-con-inner>.elementor-widget-spacer>.elementor-widget-container>.elementor-spacer,.e-con>.elementor-widget-spacer>.elementor-widget-container>.elementor-spacer{height:100%}.e-con-inner>.elementor-widget-spacer>.elementor-widget-container>.elementor-spacer>.elementor-spacer-inner,.e-con>.elementor-widget-spacer>.elementor-widget-container>.elementor-spacer>.elementor-spacer-inner{height:var(--container-widget-height,var(--spacer-size))}.e-con-inner>.elementor-widget-spacer.elementor-widget-empty,.e-con>.elementor-widget-spacer.elementor-widget-empty{position:relative;min-height:22px;min-width:22px}.e-con-inner>.elementor-widget-spacer.elementor-widget-empty .elementor-widget-empty-icon,.e-con>.elementor-widget-spacer.elementor-widget-empty .elementor-widget-empty-icon{position:absolute;top:0;bottom:0;left:0;right:0;margin:auto;padding:0;width:22px;height:22px}<\/style>\t\t<div class=\"elementor-spacer\">\n\t\t\t<div class=\"elementor-spacer-inner\"><\/div>\n\t\t<\/div>\n\t\t\t\t<\/div>\n\t\t\t\t<\/div>\n\t\t\t\t<\/div>\n\t\t\t\t<\/div>\n\t\t<div class=\"elementor-element elementor-element-40a0e3c0 e-con-full e-flex e-con e-parent\" data-id=\"40a0e3c0\" data-element_type=\"container\">\n\t\t\t\t<div class=\"elementor-element elementor-element-74a1df16 elementor-widget elementor-widget-html\" data-id=\"74a1df16\" data-element_type=\"widget\" data-widget_type=\"html.default\">\n\t\t\t\t<div class=\"elementor-widget-container\">\n\t\t\t<style>\r\n  :root{\r\n    \/* RolloMax Rot anpassen *\/\r\n    --rm-red: #b1001a;\r\n\r\n    --rm-ink: #101214;\r\n    --rm-muted: rgba(16,18,20,.72);\r\n    --rm-line: rgba(16,18,20,.10);\r\n    --rm-soft: rgba(16,18,20,.06);\r\n  }\r\n\r\n  .rm-hero-wrap{\r\n    width: min(55%, 1280px);\r\n    margin: 0 auto 22px auto;\r\n  }\r\n  @media (max-width: 1024px){\r\n    .rm-hero-wrap{ width: min(92%, 1280px); }\r\n  }\r\n\r\n  .rm-hero{\r\n    position: relative;\r\n    padding: 28px 28px 22px 28px;\r\n    border: 1px solid var(--rm-line);\r\n    border-radius: 10px;\r\n    background: linear-gradient(180deg, rgba(255,255,255,0.96), rgba(250,250,250,0.92));\r\n    box-shadow: 0 10px 30px var(--rm-soft);\r\n    backdrop-filter: blur(10px);\r\n    -webkit-backdrop-filter: blur(10px);\r\n  }\r\n\r\n  .rm-hero::before{\r\n    content:\"\";\r\n    position:absolute;\r\n    left:0;\r\n    top:12px;\r\n    bottom:12px;\r\n    width: 3px;\r\n    border-radius: 3px;\r\n    background: var(--rm-red);\r\n  }\r\n\r\n  .rm-hero-top{\r\n    display:flex;\r\n    align-items:center;\r\n    justify-content:space-between;\r\n    gap: 12px;\r\n    margin-bottom: 10px;\r\n  }\r\n\r\n  .rm-eyebrow{\r\n    font-size: 12px;\r\n    letter-spacing: .14em;\r\n    text-transform: uppercase;\r\n    color: var(--rm-muted);\r\n    font-weight: 700;\r\n  }\r\n\r\n  .rm-crumb{\r\n    font-size: 12px;\r\n    color: var(--rm-muted);\r\n    border: 1px solid var(--rm-line);\r\n    padding: 8px 12px;\r\n    border-radius: 999px;\r\n    background: rgba(255,255,255,.70);\r\n  }\r\n\r\n  .rm-title{\r\n    margin: 0;\r\n    font-size: clamp(28px, 3.2vw, 44px);\r\n    line-height: 1.05;\r\n    color: var(--rm-ink);\r\n    font-weight: 800;\r\n  }\r\n\r\n  .rm-subline{\r\n    margin: 10px 0 0 0;\r\n    color: var(--rm-muted);\r\n    font-size: 15px;\r\n    line-height: 1.5;\r\n    max-width: 70ch;\r\n  }\r\n\r\n  .rm-divider{\r\n    margin-top: 16px;\r\n    height: 1px;\r\n    background: linear-gradient(90deg,\r\n      transparent 0%,\r\n      var(--rm-line) 20%,\r\n      rgba(177,0,26,.55) 50%,\r\n      var(--rm-line) 80%,\r\n      transparent 100%\r\n    );\r\n  }\r\n<\/style>\r\n\r\n<section class=\"rm-hero-wrap\" aria-label=\"Produkte Header\">\r\n  <div class=\"rm-hero\">\r\n    <div class=\"rm-hero-top\">\r\n      <div class=\"rm-eyebrow\">Produkte<\/div>\r\n      <div class=\"rm-crumb\">Wintergarten-Markisen<\/div>\r\n    <\/div>\r\n\r\n    <h1 class=\"rm-title\">Wintergarten-Markisen<\/h1>\r\n\r\n    <p class=\"rm-subline\">\r\n      Auf- und Unterglas-L\u00f6sungen f\u00fcr angenehme Temperaturen und sauberen Schatten auf gro\u00dfen Glasfl\u00e4chen.\r\n    <\/p>\r\n\r\n    <div class=\"rm-divider\"><\/div>\r\n  <\/div>\r\n<\/section>\r\n\r\n\r\n<style>\r\n  :root{\r\n    --rm-red: #b1001a;\r\n\r\n    --rm-gray: rgba(30,30,30,.85);\r\n    --rm-gap: 22px;\r\n    --rm-radius: 6px;\r\n  }\r\n\r\n  .rm-products-wrap{\r\n    width: min(55%, 1280px);\r\n    margin: 0 auto;\r\n  }\r\n\r\n  @media (max-width: 1024px){\r\n    .rm-products-wrap{ width: min(92%, 1280px); }\r\n  }\r\n\r\n  .rm-grid{\r\n    display: grid;\r\n    grid-template-columns: repeat(2, minmax(0, 1fr));\r\n    gap: var(--rm-gap);\r\n    align-items: stretch;\r\n  }\r\n\r\n  @media (max-width: 820px){\r\n    .rm-grid{ grid-template-columns: 1fr; }\r\n  }\r\n\r\n  .rm-card{\r\n    position: relative;\r\n    display: block;\r\n    overflow: hidden;\r\n    border-radius: var(--rm-radius);\r\n    text-decoration: none;\r\n    background: #eee;\r\n  }\r\n\r\n  .rm-card img{\r\n    width: 100%;\r\n    aspect-ratio: 16 \/ 9;\r\n    display: block;\r\n    object-fit: cover;\r\n    transform: scale(1);\r\n    transition: transform .35s ease;\r\n  }\r\n\r\n  .rm-card:hover img{ transform: scale(1.03); }\r\n\r\n  .rm-label{\r\n    position: absolute;\r\n    left: 14px;\r\n    bottom: 14px;\r\n    background: var(--rm-gray);\r\n    color: #fff;\r\n    padding: 10px 14px;\r\n    font-size: 16px;\r\n    font-weight: 700;\r\n    line-height: 1.2;\r\n    border-radius: 4px;\r\n    transition: background-color .20s ease;\r\n  }\r\n\r\n  .rm-card:hover .rm-label{ background: var(--rm-red); }\r\n<\/style>\r\n\r\n<section class=\"rm-products-wrap\" aria-label=\"Wintergarten-Markisen Produkte\">\r\n  <div class=\"rm-grid\">\r\n\r\n    <a class=\"rm-card\" href=\"https:\/\/rollomax.at\/de\/product\/aufglasmarkise-warema-climara-w20\/\" aria-label=\"Aufglasmarkise Warema Climara W20\">\r\n      <img decoding=\"async\" src=\"https:\/\/rollomax.at\/wp-content\/uploads\/2026\/01\/W20-_-Untermenue-scaled.jpg\" alt=\"Aufglasmarkise Warema Climara W20\">\r\n      <span class=\"rm-label\">Aufglasmarkise Warema Climara W20<\/span>\r\n    <\/a>\r\n\r\n    <a class=\"rm-card\" href=\"https:\/\/rollomax.at\/de\/product\/aufglasmarkise-warema-climara-w19\/\" aria-label=\"Aufglasmarkise Warema Climara W19\">\r\n      <img decoding=\"async\" src=\"https:\/\/rollomax.at\/wp-content\/uploads\/2026\/01\/W19-unter-Menue-scaled.jpg\" alt=\"Aufglasmarkise Warema Climara W19\">\r\n      <span class=\"rm-label\">Aufglasmarkise Warema Climara W19<\/span>\r\n    <\/a>\r\n\r\n    <a class=\"rm-card\" href=\"https:\/\/rollomax.at\/de\/product\/unterglasmarkise-warema-climara-w10\/\" aria-label=\"Unterglasmarkise Warema Climara W10\">\r\n      <img decoding=\"async\" src=\"https:\/\/rollomax.at\/wp-content\/uploads\/2026\/01\/w10_Untermenue--scaled.jpg\" alt=\"Unterglasmarkise Warema Climara W10\">\r\n      <span class=\"rm-label\">Unterglasmarkise Warema Climara W10<\/span>\r\n    <\/a>\r\n\r\n    <a class=\"rm-card\" href=\"https:\/\/rollomax.at\/de\/product\/unterglasmarkise-warema-climara-w9\/\" aria-label=\"Unterglasmarkise Warema Climara W9\">\r\n      <img decoding=\"async\" src=\"https:\/\/rollomax.at\/wp-content\/uploads\/2026\/01\/W9-unterstrich-unter-Menue.--scaled.jpg\" alt=\"Unterglasmarkise Warema Climara W9\">\r\n      <span class=\"rm-label\">Unterglasmarkise Warema Climara W9<\/span>\r\n    <\/a>\r\n\r\n  <\/div>\r\n<\/section>\r\n\t\t<\/div>\n\t\t\t\t<\/div>\n\t\t\t\t<\/div>\n\t\t<div class=\"elementor-element elementor-element-4ecc504 e-con-full e-flex e-con e-parent\" data-id=\"4ecc504\" data-element_type=\"container\">\n\t\t<div class=\"elementor-element elementor-element-1d1d2944 e-con-full e-flex e-con e-child\" data-id=\"1d1d2944\" data-element_type=\"container\">\n\t\t\t\t<div class=\"elementor-element elementor-element-7ade9ca8 elementor-widget elementor-widget-spacer\" data-id=\"7ade9ca8\" data-element_type=\"widget\" data-widget_type=\"spacer.default\">\n\t\t\t\t<div class=\"elementor-widget-container\">\n\t\t\t\t\t<div class=\"elementor-spacer\">\n\t\t\t<div class=\"elementor-spacer-inner\"><\/div>\n\t\t<\/div>\n\t\t\t\t<\/div>\n\t\t\t\t<\/div>\n\t\t\t\t<\/div>\n\t\t\t\t<\/div>\n\t\t\t\t<\/div>","protected":false},"excerpt":{"rendered":"<p>Produkte Wintergarten-Markisen Wintergarten-Markisen Auf- und Unterglas-L\u00f6sungen f\u00fcr angenehme Temperaturen und sauberen Schatten auf gro\u00dfen Glasfl\u00e4chen. Aufglasmarkise Warema Climara W20 Aufglasmarkise Warema Climara W19 Unterglasmarkise Warema Climara W10 Unterglasmarkise Warema Climara W9<\/p>","protected":false},"author":4,"featured_media":0,"parent":0,"menu_order":0,"comment_status":"closed","ping_status":"closed","template":"","meta":{"footnotes":""},"class_list":["post-14217","page","type-page","status-publish","hentry"],"_links":{"self":[{"href":"https:\/\/rollomax.at\/de\/wp-json\/wp\/v2\/pages\/14217","targetHints":{"allow":["GET"]}}],"collection":[{"href":"https:\/\/rollomax.at\/de\/wp-json\/wp\/v2\/pages"}],"about":[{"href":"https:\/\/rollomax.at\/de\/wp-json\/wp\/v2\/types\/page"}],"author":[{"embeddable":true,"href":"https:\/\/rollomax.at\/de\/wp-json\/wp\/v2\/users\/4"}],"replies":[{"embeddable":true,"href":"https:\/\/rollomax.at\/de\/wp-json\/wp\/v2\/comments?post=14217"}],"version-history":[{"count":10,"href":"https:\/\/rollomax.at\/de\/wp-json\/wp\/v2\/pages\/14217\/revisions"}],"predecessor-version":[{"id":14399,"href":"https:\/\/rollomax.at\/de\/wp-json\/wp\/v2\/pages\/14217\/revisions\/14399"}],"wp:attachment":[{"href":"https:\/\/rollomax.at\/de\/wp-json\/wp\/v2\/media?parent=14217"}],"curies":[{"name":"wp","href":"https:\/\/api.w.org\/{rel}","templated":true}]}}